{"id":898,"date":"2021-04-28T17:03:34","date_gmt":"2021-04-28T17:03:34","guid":{"rendered":"https:\/\/afrilangues.com\/boutique\/?post_type=product&#038;p=898"},"modified":"2025-02-14T19:20:36","modified_gmt":"2025-02-14T19:20:36","slug":"1-2-3-soninke-apprendre-les-bases-du-soninke","status":"publish","type":"product","link":"https:\/\/afrilangues.com\/boutique\/product\/1-2-3-soninke-apprendre-les-bases-du-soninke\/","title":{"rendered":"1.2.3 Sonink\u00e9 &#8211; Apprendre les bases du sonink\u00e9"},"content":{"rendered":"<p><strong>1.2.3 Sonink\u00e9<\/strong> est une m\u00e9thode progressive d&#8217;initiation \u00e0 la langue et culture sonink\u00e9e destin\u00e9e principalement aux enfants.<\/p>\n<p>Il permet d&#8217;appr\u00e9hender de mani\u00e8re ludique les principales situations de communication de la vie quotidienne.<\/p>\n<p>Il comprend : des mises en situations orales et \u00e9crites, des exercices interactifs, un lexique th\u00e9matique et des documents sonores pour faciliter la compr\u00e9hension orale.<\/p>\n<p>Il ambitionne ainsi de :<\/p>\n<ul>\n<li style=\"font-weight: 400;\" aria-level=\"1\">V\u00e9hiculer une image positive de la langue et de la culture<\/li>\n<li style=\"font-weight: 400;\" aria-level=\"1\">Favoriser le lien intrafamilial et interg\u00e9n\u00e9rationnel<\/li>\n<li style=\"font-weight: 400;\" aria-level=\"1\">Faciliter et valoriser la transmission du patrimoine culturel et linguistique<\/li>\n<li style=\"font-weight: 400;\" aria-level=\"1\">Faire d\u00e9couvrir la richesse de ce patrimoine<\/li>\n<\/ul>\n<p>Il tente de repr\u00e9senter au mieux les variantes de la langue sonink\u00e9e, cependant celles de Tringa (commune compos\u00e9e de Mar\u00e9na, Lambatara, Djalakha et Diakhon\u00e9) et du Fouta (Bokidiaw\u00e9, Ka\u00e9di et \u00a0Diarra) sont les plus repr\u00e9sent\u00e9es.<\/p>\n","protected":false},"excerpt":{"rendered":"<p>1.2.3 Sonink\u00e9 est une m\u00e9thode progressive d&#8217;initiation \u00e0 la langue et culture sonink\u00e9e destin\u00e9e principalement aux enfants. Il permet d&#8217;appr\u00e9hender de mani\u00e8re ludique les principales situations de communication de la vie quotidienne. Il comprend : des mises en situations orales et \u00e9crites, des exercices interactifs, un lexique th\u00e9matique et des documents sonores pour faciliter la [&#8230;]\n","protected":false},"featured_media":896,"comment_status":"open","ping_status":"closed","template":"","meta":{"_mi_skip_tracking":false,"_monsterinsights_sitenote_active":false,"_monsterinsights_sitenote_note":"","_monsterinsights_sitenote_category":0},"product_cat":[75],"product_tag":[99,139,138,141,97,96],"acf":[],"yoast_head":"<!-- This site is optimized with the Yoast SEO Premium plugin v16.8 (Yoast SEO v21.5) - https:\/\/yoast.com\/wordpress\/plugins\/seo\/ -->\n<title>1.2.3 Sonink\u00e9 - Apprendre les bases du sonink\u00e9 &#187; Afrilangues<\/title>\n<meta name=\"description\" content=\"1.2.3 sonink\u00e9 -Apprendre les bases du sonink\u00e9 avec diverses situations de communications. Et tout cela avec des documents sonores.\" \/>\n<meta name=\"robots\" content=\"index, follow, max-snippet:-1, max-image-preview:large, max-video-preview:-1\" \/>\n<link rel=\"canonical\" href=\"https:\/\/afrilangues.com\/boutique\/product\/1-2-3-soninke-apprendre-les-bases-du-soninke\/\" \/>\n<meta property=\"og:locale\" content=\"fr_FR\" \/>\n<meta property=\"og:type\" content=\"article\" \/>\n<meta property=\"og:title\" content=\"1.2.3 Sonink\u00e9 - Apprendre les bases du sonink\u00e9\" \/>\n<meta property=\"og:description\" content=\"1.2.3 sonink\u00e9 -Apprendre les bases du sonink\u00e9 avec diverses situations de communications. Et tout cela avec des documents sonores.\" \/>\n<meta property=\"og:url\" content=\"https:\/\/afrilangues.com\/boutique\/product\/1-2-3-soninke-apprendre-les-bases-du-soninke\/\" \/>\n<meta property=\"og:site_name\" content=\"Afrilangues\" \/>\n<meta property=\"article:publisher\" content=\"https:\/\/facebook.com\/afrilangues\/\" \/>\n<meta property=\"article:modified_time\" content=\"2025-02-14T19:20:36+00:00\" \/>\n<meta property=\"og:image\" content=\"https:\/\/mlxltcnvapql.i.optimole.com\/w:auto\/h:auto\/q:mauto\/f:best\/https:\/\/afrilangues.com\/boutique\/wp-content\/uploads\/2021\/01\/COUV1_123_soninke_afrilangues.png\" \/>\n\t<meta property=\"og:image:width\" content=\"1754\" \/>\n\t<meta property=\"og:image:height\" content=\"2489\" \/>\n\t<meta property=\"og:image:type\" content=\"image\/png\" \/>\n<meta name=\"twitter:card\" content=\"summary_large_image\" \/>\n<meta name=\"twitter:label1\" content=\"Prix\" \/>\n\t<meta name=\"twitter:data1\" content=\"&euro;20.00\" \/>\n\t<meta name=\"twitter:label2\" content=\"Availability\" \/>\n\t<meta name=\"twitter:data2\" content=\"In stock\" \/>\n<script type=\"application\/ld+json\" class=\"yoast-schema-graph\">{\"@context\":\"https:\/\/schema.org\",\"@graph\":[{\"@type\":\"WebPage\",\"@id\":\"https:\/\/afrilangues.com\/boutique\/product\/1-2-3-soninke-apprendre-les-bases-du-soninke\/\",\"url\":\"https:\/\/afrilangues.com\/boutique\/product\/1-2-3-soninke-apprendre-les-bases-du-soninke\/\",\"name\":\"1.2.3 Sonink\u00e9 - Apprendre les bases du sonink\u00e9 &#187; Afrilangues\",\"isPartOf\":{\"@id\":\"https:\/\/afrilangues.com\/boutique\/#website\"},\"datePublished\":\"2021-04-28T17:03:34+00:00\",\"dateModified\":\"2025-02-14T19:20:36+00:00\",\"description\":\"1.2.3 sonink\u00e9 -Apprendre les bases du sonink\u00e9 avec diverses situations de communications. Et tout cela avec des documents sonores.\",\"breadcrumb\":{\"@id\":\"https:\/\/afrilangues.com\/boutique\/product\/1-2-3-soninke-apprendre-les-bases-du-soninke\/#breadcrumb\"},\"inLanguage\":\"fr-FR\",\"potentialAction\":[{\"@type\":\"ReadAction\",\"target\":[\"https:\/\/afrilangues.com\/boutique\/product\/1-2-3-soninke-apprendre-les-bases-du-soninke\/\"]}]},{\"@type\":\"BreadcrumbList\",\"@id\":\"https:\/\/afrilangues.com\/boutique\/product\/1-2-3-soninke-apprendre-les-bases-du-soninke\/#breadcrumb\",\"itemListElement\":[{\"@type\":\"ListItem\",\"position\":1,\"name\":\"Home\",\"item\":\"https:\/\/afrilangues.com\/boutique\/\"},{\"@type\":\"ListItem\",\"position\":2,\"name\":\"Produits\",\"item\":\"https:\/\/afrilangues.com\/boutique\/shop\/\"},{\"@type\":\"ListItem\",\"position\":3,\"name\":\"1.2.3 Sonink\u00e9 &#8211; Apprendre les bases du sonink\u00e9\"}]},{\"@type\":\"WebSite\",\"@id\":\"https:\/\/afrilangues.com\/boutique\/#website\",\"url\":\"https:\/\/afrilangues.com\/boutique\/\",\"name\":\"Afrilangues\",\"description\":\"COURS DE LANGUES AFRICAINES \/ APPRENDRE UNE LANGUE AFRICAINE\",\"publisher\":{\"@id\":\"https:\/\/afrilangues.com\/boutique\/#organization\"},\"potentialAction\":[{\"@type\":\"SearchAction\",\"target\":{\"@type\":\"EntryPoint\",\"urlTemplate\":\"https:\/\/afrilangues.com\/boutique\/?s={search_term_string}\"},\"query-input\":\"required name=search_term_string\"}],\"inLanguage\":\"fr-FR\"},{\"@type\":[\"Organization\",\"Place\",\"School\"],\"@id\":\"https:\/\/afrilangues.com\/boutique\/#organization\",\"name\":\"AFRILANGUES\",\"url\":\"https:\/\/afrilangues.com\/boutique\/\",\"logo\":{\"@id\":\"https:\/\/afrilangues.com\/boutique\/product\/1-2-3-soninke-apprendre-les-bases-du-soninke\/#local-main-organization-logo\"},\"image\":{\"@id\":\"https:\/\/afrilangues.com\/boutique\/product\/1-2-3-soninke-apprendre-les-bases-du-soninke\/#local-main-organization-logo\"},\"sameAs\":[\"https:\/\/facebook.com\/afrilangues\/\",\"https:\/\/www.instagram.com\/afrilangues\/?hl=fr\",\"https:\/\/www.pinterest.fr\/afrilangues\/\",\"https:\/\/www.youtube.com\/channel\/UCeB4UPA38S2hscm54e9gvhg\/featured\"],\"address\":{\"@id\":\"https:\/\/afrilangues.com\/boutique\/product\/1-2-3-soninke-apprendre-les-bases-du-soninke\/#local-main-place-address\"},\"telephone\":[\"0658485313\"],\"openingHoursSpecification\":[{\"@type\":\"OpeningHoursSpecification\",\"dayOfWeek\":[\"Monday\",\"Tuesday\",\"Thursday\",\"Friday\",\"Saturday\"],\"opens\":\"09:00\",\"closes\":\"18:45\"},{\"@type\":\"OpeningHoursSpecification\",\"dayOfWeek\":[\"Wednesday\"],\"opens\":\"09:00\",\"closes\":\"17:00\"},{\"@type\":\"OpeningHoursSpecification\",\"dayOfWeek\":[\"Sunday\"],\"opens\":\"11:00\",\"closes\":\"18:45\"}],\"email\":\"contact@afrilangues.com\"},{\"@type\":\"PostalAddress\",\"@id\":\"https:\/\/afrilangues.com\/boutique\/product\/1-2-3-soninke-apprendre-les-bases-du-soninke\/#local-main-place-address\",\"streetAddress\":\"17, Rue H\u00e9rold\",\"addressLocality\":\"Paris\",\"postalCode\":\"75001\",\"addressRegion\":\"France\",\"addressCountry\":\"FR\"},{\"@type\":\"ImageObject\",\"inLanguage\":\"fr-FR\",\"@id\":\"https:\/\/afrilangues.com\/boutique\/product\/1-2-3-soninke-apprendre-les-bases-du-soninke\/#local-main-organization-logo\",\"url\":\"https:\/\/mlxltcnvapql.i.optimole.com\/w:auto\/h:auto\/q:mauto\/f:best\/https:\/\/afrilangues.com\/boutique\/wp-content\/uploads\/2021\/07\/Logo-Afrilangues-app_mini.png\",\"contentUrl\":\"https:\/\/mlxltcnvapql.i.optimole.com\/w:auto\/h:auto\/q:mauto\/f:best\/https:\/\/afrilangues.com\/boutique\/wp-content\/uploads\/2021\/07\/Logo-Afrilangues-app_mini.png\",\"width\":67,\"height\":72,\"caption\":\"AFRILANGUES\"}]}<\/script>\n<meta property=\"product:price:amount\" content=\"20.00\" \/>\n<meta property=\"product:price:currency\" content=\"EUR\" \/>\n<meta property=\"og:availability\" content=\"instock\" \/>\n<meta property=\"product:availability\" content=\"instock\" \/>\n<meta property=\"product:condition\" content=\"new\" \/>\n<meta name=\"geo.placename\" content=\"Paris\" \/>\n<meta name=\"geo.region\" content=\"France\" \/>\n<!-- \/ Yoast SEO Premium plugin. -->","yoast_head_json":{"title":"1.2.3 Sonink\u00e9 - Apprendre les bases du sonink\u00e9 &#187; Afrilangues","description":"1.2.3 sonink\u00e9 -Apprendre les bases du sonink\u00e9 avec diverses situations de communications. Et tout cela avec des documents sonores.","robots":{"index":"index","follow":"follow","max-snippet":"max-snippet:-1","max-image-preview":"max-image-preview:large","max-video-preview":"max-video-preview:-1"},"canonical":"https:\/\/afrilangues.com\/boutique\/product\/1-2-3-soninke-apprendre-les-bases-du-soninke\/","og_locale":"fr_FR","og_type":"article","og_title":"1.2.3 Sonink\u00e9 - Apprendre les bases du sonink\u00e9","og_description":"1.2.3 sonink\u00e9 -Apprendre les bases du sonink\u00e9 avec diverses situations de communications. Et tout cela avec des documents sonores.","og_url":"https:\/\/afrilangues.com\/boutique\/product\/1-2-3-soninke-apprendre-les-bases-du-soninke\/","og_site_name":"Afrilangues","article_publisher":"https:\/\/facebook.com\/afrilangues\/","article_modified_time":"2025-02-14T19:20:36+00:00","og_image":[{"width":1754,"height":2489,"url":"https:\/\/mlxltcnvapql.i.optimole.com\/w:auto\/h:auto\/q:mauto\/f:best\/https:\/\/afrilangues.com\/boutique\/wp-content\/uploads\/2021\/01\/COUV1_123_soninke_afrilangues.png","type":"image\/png"}],"twitter_card":"summary_large_image","twitter_misc":{"Prix":"&euro;20.00","Availability":"In stock"},"schema":{"@context":"https:\/\/schema.org","@graph":[{"@type":"WebPage","@id":"https:\/\/afrilangues.com\/boutique\/product\/1-2-3-soninke-apprendre-les-bases-du-soninke\/","url":"https:\/\/afrilangues.com\/boutique\/product\/1-2-3-soninke-apprendre-les-bases-du-soninke\/","name":"1.2.3 Sonink\u00e9 - Apprendre les bases du sonink\u00e9 &#187; Afrilangues","isPartOf":{"@id":"https:\/\/afrilangues.com\/boutique\/#website"},"datePublished":"2021-04-28T17:03:34+00:00","dateModified":"2025-02-14T19:20:36+00:00","description":"1.2.3 sonink\u00e9 -Apprendre les bases du sonink\u00e9 avec diverses situations de communications. Et tout cela avec des documents sonores.","breadcrumb":{"@id":"https:\/\/afrilangues.com\/boutique\/product\/1-2-3-soninke-apprendre-les-bases-du-soninke\/#breadcrumb"},"inLanguage":"fr-FR","potentialAction":[{"@type":"ReadAction","target":["https:\/\/afrilangues.com\/boutique\/product\/1-2-3-soninke-apprendre-les-bases-du-soninke\/"]}]},{"@type":"BreadcrumbList","@id":"https:\/\/afrilangues.com\/boutique\/product\/1-2-3-soninke-apprendre-les-bases-du-soninke\/#breadcrumb","itemListElement":[{"@type":"ListItem","position":1,"name":"Home","item":"https:\/\/afrilangues.com\/boutique\/"},{"@type":"ListItem","position":2,"name":"Produits","item":"https:\/\/afrilangues.com\/boutique\/shop\/"},{"@type":"ListItem","position":3,"name":"1.2.3 Sonink\u00e9 &#8211; Apprendre les bases du sonink\u00e9"}]},{"@type":"WebSite","@id":"https:\/\/afrilangues.com\/boutique\/#website","url":"https:\/\/afrilangues.com\/boutique\/","name":"Afrilangues","description":"COURS DE LANGUES AFRICAINES \/ APPRENDRE UNE LANGUE AFRICAINE","publisher":{"@id":"https:\/\/afrilangues.com\/boutique\/#organization"},"potentialAction":[{"@type":"SearchAction","target":{"@type":"EntryPoint","urlTemplate":"https:\/\/afrilangues.com\/boutique\/?s={search_term_string}"},"query-input":"required name=search_term_string"}],"inLanguage":"fr-FR"},{"@type":["Organization","Place","School"],"@id":"https:\/\/afrilangues.com\/boutique\/#organization","name":"AFRILANGUES","url":"https:\/\/afrilangues.com\/boutique\/","logo":{"@id":"https:\/\/afrilangues.com\/boutique\/product\/1-2-3-soninke-apprendre-les-bases-du-soninke\/#local-main-organization-logo"},"image":{"@id":"https:\/\/afrilangues.com\/boutique\/product\/1-2-3-soninke-apprendre-les-bases-du-soninke\/#local-main-organization-logo"},"sameAs":["https:\/\/facebook.com\/afrilangues\/","https:\/\/www.instagram.com\/afrilangues\/?hl=fr","https:\/\/www.pinterest.fr\/afrilangues\/","https:\/\/www.youtube.com\/channel\/UCeB4UPA38S2hscm54e9gvhg\/featured"],"address":{"@id":"https:\/\/afrilangues.com\/boutique\/product\/1-2-3-soninke-apprendre-les-bases-du-soninke\/#local-main-place-address"},"telephone":["0658485313"],"openingHoursSpecification":[{"@type":"OpeningHoursSpecification","dayOfWeek":["Monday","Tuesday","Thursday","Friday","Saturday"],"opens":"09:00","closes":"18:45"},{"@type":"OpeningHoursSpecification","dayOfWeek":["Wednesday"],"opens":"09:00","closes":"17:00"},{"@type":"OpeningHoursSpecification","dayOfWeek":["Sunday"],"opens":"11:00","closes":"18:45"}],"email":"contact@afrilangues.com"},{"@type":"PostalAddress","@id":"https:\/\/afrilangues.com\/boutique\/product\/1-2-3-soninke-apprendre-les-bases-du-soninke\/#local-main-place-address","streetAddress":"17, Rue H\u00e9rold","addressLocality":"Paris","postalCode":"75001","addressRegion":"France","addressCountry":"FR"},{"@type":"ImageObject","inLanguage":"fr-FR","@id":"https:\/\/afrilangues.com\/boutique\/product\/1-2-3-soninke-apprendre-les-bases-du-soninke\/#local-main-organization-logo","url":"https:\/\/mlxltcnvapql.i.optimole.com\/w:auto\/h:auto\/q:mauto\/f:best\/https:\/\/afrilangues.com\/boutique\/wp-content\/uploads\/2021\/07\/Logo-Afrilangues-app_mini.png","contentUrl":"https:\/\/mlxltcnvapql.i.optimole.com\/w:auto\/h:auto\/q:mauto\/f:best\/https:\/\/afrilangues.com\/boutique\/wp-content\/uploads\/2021\/07\/Logo-Afrilangues-app_mini.png","width":67,"height":72,"caption":"AFRILANGUES"}]},"product_price_amount":"20.00","product_price_currency":"EUR","og_availability":"instock","product_availability":"instock","product_condition":"new","geo.placename":"Paris","geo.region":"France"},"_links":{"self":[{"href":"https:\/\/afrilangues.com\/boutique\/wp-json\/wp\/v2\/product\/898"}],"collection":[{"href":"https:\/\/afrilangues.com\/boutique\/wp-json\/wp\/v2\/product"}],"about":[{"href":"https:\/\/afrilangues.com\/boutique\/wp-json\/wp\/v2\/types\/product"}],"replies":[{"embeddable":true,"href":"https:\/\/afrilangues.com\/boutique\/wp-json\/wp\/v2\/comments?post=898"}],"version-history":[{"count":0,"href":"https:\/\/afrilangues.com\/boutique\/wp-json\/wp\/v2\/product\/898\/revisions"}],"wp:featuredmedia":[{"embeddable":true,"href":"https:\/\/afrilangues.com\/boutique\/wp-json\/wp\/v2\/media\/896"}],"wp:attachment":[{"href":"https:\/\/afrilangues.com\/boutique\/wp-json\/wp\/v2\/media?parent=898"}],"wp:term":[{"taxonomy":"product_cat","embeddable":true,"href":"https:\/\/afrilangues.com\/boutique\/wp-json\/wp\/v2\/product_cat?post=898"},{"taxonomy":"product_tag","embeddable":true,"href":"https:\/\/afrilangues.com\/boutique\/wp-json\/wp\/v2\/product_tag?post=898"}],"curies":[{"name":"wp","href":"https:\/\/api.w.org\/{rel}","templated":true}]}}