{"id":6242,"date":"2023-02-14T17:34:17","date_gmt":"2023-02-14T17:34:17","guid":{"rendered":"https:\/\/afrilangues.com\/boutique\/?post_type=product&#038;p=6242"},"modified":"2023-02-23T19:45:37","modified_gmt":"2023-02-23T19:45:37","slug":"sira-mag-special-mali-ebook","status":"publish","type":"product","link":"https:\/\/afrilangues.com\/boutique\/product\/sira-mag-special-mali-ebook\/","title":{"rendered":"SIRA MAG &#8211; SP\u00c9CIAL MALI &#8211; EBOOK"},"content":{"rendered":"<p><b>SIRAMAG\u00a0<\/b>est un magazine destin\u00e9 principalement aux enfants d\u2019\u00e0 partir de 7 ans. Il a pour\u00a0 objectif de faire (re)d\u00e9couvrir l\u2019Afrique autrement \u00e0 travers des aventures bien illustr\u00e9es, l\u2019\u00e9veil aux langues, l\u2019histoire, des recettes, la culture etc.<\/p>\n<p>Il tente de donner \u00e0 la diaspora (pas que) l\u2019opportunit\u00e9 de (re)nouer, renforcer ses liens avec l\u2019Afrique, de lui porter un regard positif et de donner les cl\u00e9s aux tout-petits pour appr\u00e9hender l\u2019Afrique d\u2019hier et d\u2019aujourd\u2019hui.<\/p>\n<p>Tous les trois mois, vos enfants exploreront un pays ou une r\u00e9gion d\u2019Afrique.<\/p>\n<p>Le premier num\u00e9ro a mis \u00e0 l\u2019honneur le Mali \u00e0 travers :<br \/>\n\u2705 Des aventures bien illustr\u00e9es<br \/>\n\u2705 L\u2019\u00e9veil \u00e0 3 langues : bambara, sonink\u00e9 et pulaar<br \/>\n\u2705 L\u2019Histoire des grands empires du Mali<br \/>\n\u2705 La pr\u00e9sentation de quelques peuples du Mali<br \/>\n\u2705 Un conte bilingue fran\u00e7ais-bambara<br \/>\n\u2705 Une BD sur l\u2019origine du bogolan<br \/>\n\u2705 Des recettes faciles \u00e0 r\u00e9aliser en famille<br \/>\n\ud83d\udcdd Et plein d\u2019activit\u00e9s ludiques<\/p>\n<p>Le deuxi\u00e8me num\u00e9ro va porter sur les deux CONGO.<\/p>\n","protected":false},"excerpt":{"rendered":"<p>SIRAMAG\u00a0est un magazine destin\u00e9 principalement aux enfants d\u2019\u00e0 partir de 7 ans. Il a pour\u00a0 objectif de faire (re)d\u00e9couvrir l\u2019Afrique autrement \u00e0 travers des aventures bien illustr\u00e9es, l\u2019\u00e9veil aux langues, l\u2019histoire, des recettes, la culture etc. Il tente de donner \u00e0 la diaspora (pas que) l\u2019opportunit\u00e9 de (re)nouer, renforcer ses liens avec l\u2019Afrique, de lui [&#8230;]\n","protected":false},"featured_media":5093,"comment_status":"open","ping_status":"closed","template":"","meta":{"_mi_skip_tracking":false,"_monsterinsights_sitenote_active":false,"_monsterinsights_sitenote_note":"","_monsterinsights_sitenote_category":0},"product_cat":[154],"product_tag":[],"acf":[],"yoast_head":"<!-- This site is optimized with the Yoast SEO Premium plugin v16.8 (Yoast SEO v21.5) - https:\/\/yoast.com\/wordpress\/plugins\/seo\/ -->\n<title>SIRA MAG - SP\u00c9CIAL MALI - EBOOK &#187; Afrilangues<\/title>\n<meta name=\"robots\" content=\"index, follow, max-snippet:-1, max-image-preview:large, max-video-preview:-1\" \/>\n<link rel=\"canonical\" href=\"https:\/\/afrilangues.com\/boutique\/product\/sira-mag-special-mali-ebook\/\" \/>\n<meta property=\"og:locale\" content=\"fr_FR\" \/>\n<meta property=\"og:type\" content=\"article\" \/>\n<meta property=\"og:title\" content=\"SIRA MAG - SP\u00c9CIAL MALI - EBOOK\" \/>\n<meta property=\"og:description\" content=\"SIRAMAG\u00a0est un magazine destin\u00e9 principalement aux enfants d\u2019\u00e0 partir de 7 ans. Il a pour\u00a0 objectif de faire (re)d\u00e9couvrir l\u2019Afrique autrement \u00e0 travers des aventures bien illustr\u00e9es, l\u2019\u00e9veil aux langues, l\u2019histoire, des recettes, la culture etc. Il tente de donner \u00e0 la diaspora (pas que) l\u2019opportunit\u00e9 de (re)nouer, renforcer ses liens avec l\u2019Afrique, de lui [...]\" \/>\n<meta property=\"og:url\" content=\"https:\/\/afrilangues.com\/boutique\/product\/sira-mag-special-mali-ebook\/\" \/>\n<meta property=\"og:site_name\" content=\"Afrilangues\" \/>\n<meta property=\"article:publisher\" content=\"https:\/\/facebook.com\/afrilangues\/\" \/>\n<meta property=\"article:modified_time\" content=\"2023-02-23T19:45:37+00:00\" \/>\n<meta property=\"og:image\" content=\"https:\/\/mlxltcnvapql.i.optimole.com\/w:auto\/h:auto\/q:mauto\/f:best\/https:\/\/afrilangues.com\/boutique\/wp-content\/uploads\/2022\/05\/Couv1-SIRAmag-copy-scaled.jpg\" \/>\n\t<meta property=\"og:image:width\" content=\"2067\" \/>\n\t<meta property=\"og:image:height\" content=\"2560\" \/>\n\t<meta property=\"og:image:type\" content=\"image\/jpeg\" \/>\n<meta name=\"twitter:card\" content=\"summary_large_image\" \/>\n<meta name=\"twitter:label1\" content=\"Prix\" \/>\n\t<meta name=\"twitter:data1\" content=\"&euro;10.50\" \/>\n\t<meta name=\"twitter:label2\" content=\"Availability\" \/>\n\t<meta name=\"twitter:data2\" content=\"In stock\" \/>\n<script type=\"application\/ld+json\" class=\"yoast-schema-graph\">{\"@context\":\"https:\/\/schema.org\",\"@graph\":[{\"@type\":\"WebPage\",\"@id\":\"https:\/\/afrilangues.com\/boutique\/product\/sira-mag-special-mali-ebook\/\",\"url\":\"https:\/\/afrilangues.com\/boutique\/product\/sira-mag-special-mali-ebook\/\",\"name\":\"SIRA MAG - SP\u00c9CIAL MALI - EBOOK &#187; Afrilangues\",\"isPartOf\":{\"@id\":\"https:\/\/afrilangues.com\/boutique\/#website\"},\"datePublished\":\"2023-02-14T17:34:17+00:00\",\"dateModified\":\"2023-02-23T19:45:37+00:00\",\"breadcrumb\":{\"@id\":\"https:\/\/afrilangues.com\/boutique\/product\/sira-mag-special-mali-ebook\/#breadcrumb\"},\"inLanguage\":\"fr-FR\",\"potentialAction\":[{\"@type\":\"ReadAction\",\"target\":[\"https:\/\/afrilangues.com\/boutique\/product\/sira-mag-special-mali-ebook\/\"]}]},{\"@type\":\"BreadcrumbList\",\"@id\":\"https:\/\/afrilangues.com\/boutique\/product\/sira-mag-special-mali-ebook\/#breadcrumb\",\"itemListElement\":[{\"@type\":\"ListItem\",\"position\":1,\"name\":\"Home\",\"item\":\"https:\/\/afrilangues.com\/boutique\/\"},{\"@type\":\"ListItem\",\"position\":2,\"name\":\"Produits\",\"item\":\"https:\/\/afrilangues.com\/boutique\/shop\/\"},{\"@type\":\"ListItem\",\"position\":3,\"name\":\"SIRA MAG &#8211; SP\u00c9CIAL MALI &#8211; EBOOK\"}]},{\"@type\":\"WebSite\",\"@id\":\"https:\/\/afrilangues.com\/boutique\/#website\",\"url\":\"https:\/\/afrilangues.com\/boutique\/\",\"name\":\"Afrilangues\",\"description\":\"COURS DE LANGUES AFRICAINES \/ APPRENDRE UNE LANGUE AFRICAINE\",\"publisher\":{\"@id\":\"https:\/\/afrilangues.com\/boutique\/#organization\"},\"potentialAction\":[{\"@type\":\"SearchAction\",\"target\":{\"@type\":\"EntryPoint\",\"urlTemplate\":\"https:\/\/afrilangues.com\/boutique\/?s={search_term_string}\"},\"query-input\":\"required name=search_term_string\"}],\"inLanguage\":\"fr-FR\"},{\"@type\":[\"Organization\",\"Place\",\"School\"],\"@id\":\"https:\/\/afrilangues.com\/boutique\/#organization\",\"name\":\"AFRILANGUES\",\"url\":\"https:\/\/afrilangues.com\/boutique\/\",\"logo\":{\"@id\":\"https:\/\/afrilangues.com\/boutique\/product\/sira-mag-special-mali-ebook\/#local-main-organization-logo\"},\"image\":{\"@id\":\"https:\/\/afrilangues.com\/boutique\/product\/sira-mag-special-mali-ebook\/#local-main-organization-logo\"},\"sameAs\":[\"https:\/\/facebook.com\/afrilangues\/\",\"https:\/\/www.instagram.com\/afrilangues\/?hl=fr\",\"https:\/\/www.pinterest.fr\/afrilangues\/\",\"https:\/\/www.youtube.com\/channel\/UCeB4UPA38S2hscm54e9gvhg\/featured\"],\"address\":{\"@id\":\"https:\/\/afrilangues.com\/boutique\/product\/sira-mag-special-mali-ebook\/#local-main-place-address\"},\"telephone\":[\"0658485313\"],\"openingHoursSpecification\":[{\"@type\":\"OpeningHoursSpecification\",\"dayOfWeek\":[\"Monday\",\"Tuesday\",\"Thursday\",\"Friday\",\"Saturday\"],\"opens\":\"09:00\",\"closes\":\"18:45\"},{\"@type\":\"OpeningHoursSpecification\",\"dayOfWeek\":[\"Wednesday\"],\"opens\":\"09:00\",\"closes\":\"17:00\"},{\"@type\":\"OpeningHoursSpecification\",\"dayOfWeek\":[\"Sunday\"],\"opens\":\"11:00\",\"closes\":\"18:45\"}],\"email\":\"contact@afrilangues.com\"},{\"@type\":\"PostalAddress\",\"@id\":\"https:\/\/afrilangues.com\/boutique\/product\/sira-mag-special-mali-ebook\/#local-main-place-address\",\"streetAddress\":\"17, Rue H\u00e9rold\",\"addressLocality\":\"Paris\",\"postalCode\":\"75001\",\"addressRegion\":\"France\",\"addressCountry\":\"FR\"},{\"@type\":\"ImageObject\",\"inLanguage\":\"fr-FR\",\"@id\":\"https:\/\/afrilangues.com\/boutique\/product\/sira-mag-special-mali-ebook\/#local-main-organization-logo\",\"url\":\"https:\/\/mlxltcnvapql.i.optimole.com\/w:auto\/h:auto\/q:mauto\/f:best\/https:\/\/afrilangues.com\/boutique\/wp-content\/uploads\/2021\/07\/Logo-Afrilangues-app_mini.png\",\"contentUrl\":\"https:\/\/mlxltcnvapql.i.optimole.com\/w:auto\/h:auto\/q:mauto\/f:best\/https:\/\/afrilangues.com\/boutique\/wp-content\/uploads\/2021\/07\/Logo-Afrilangues-app_mini.png\",\"width\":67,\"height\":72,\"caption\":\"AFRILANGUES\"}]}<\/script>\n<meta property=\"product:price:amount\" content=\"10.50\" \/>\n<meta property=\"product:price:currency\" content=\"EUR\" \/>\n<meta property=\"og:availability\" content=\"instock\" \/>\n<meta property=\"product:availability\" content=\"instock\" \/>\n<meta property=\"product:condition\" content=\"new\" \/>\n<meta name=\"geo.placename\" content=\"Paris\" \/>\n<meta name=\"geo.region\" content=\"France\" \/>\n<!-- \/ Yoast SEO Premium plugin. -->","yoast_head_json":{"title":"SIRA MAG - SP\u00c9CIAL MALI - EBOOK &#187; Afrilangues","robots":{"index":"index","follow":"follow","max-snippet":"max-snippet:-1","max-image-preview":"max-image-preview:large","max-video-preview":"max-video-preview:-1"},"canonical":"https:\/\/afrilangues.com\/boutique\/product\/sira-mag-special-mali-ebook\/","og_locale":"fr_FR","og_type":"article","og_title":"SIRA MAG - SP\u00c9CIAL MALI - EBOOK","og_description":"SIRAMAG\u00a0est un magazine destin\u00e9 principalement aux enfants d\u2019\u00e0 partir de 7 ans. Il a pour\u00a0 objectif de faire (re)d\u00e9couvrir l\u2019Afrique autrement \u00e0 travers des aventures bien illustr\u00e9es, l\u2019\u00e9veil aux langues, l\u2019histoire, des recettes, la culture etc. Il tente de donner \u00e0 la diaspora (pas que) l\u2019opportunit\u00e9 de (re)nouer, renforcer ses liens avec l\u2019Afrique, de lui [...]","og_url":"https:\/\/afrilangues.com\/boutique\/product\/sira-mag-special-mali-ebook\/","og_site_name":"Afrilangues","article_publisher":"https:\/\/facebook.com\/afrilangues\/","article_modified_time":"2023-02-23T19:45:37+00:00","og_image":[{"width":2067,"height":2560,"url":"https:\/\/mlxltcnvapql.i.optimole.com\/w:auto\/h:auto\/q:mauto\/f:best\/https:\/\/afrilangues.com\/boutique\/wp-content\/uploads\/2022\/05\/Couv1-SIRAmag-copy-scaled.jpg","type":"image\/jpeg"}],"twitter_card":"summary_large_image","twitter_misc":{"Prix":"&euro;10.50","Availability":"In stock"},"schema":{"@context":"https:\/\/schema.org","@graph":[{"@type":"WebPage","@id":"https:\/\/afrilangues.com\/boutique\/product\/sira-mag-special-mali-ebook\/","url":"https:\/\/afrilangues.com\/boutique\/product\/sira-mag-special-mali-ebook\/","name":"SIRA MAG - SP\u00c9CIAL MALI - EBOOK &#187; Afrilangues","isPartOf":{"@id":"https:\/\/afrilangues.com\/boutique\/#website"},"datePublished":"2023-02-14T17:34:17+00:00","dateModified":"2023-02-23T19:45:37+00:00","breadcrumb":{"@id":"https:\/\/afrilangues.com\/boutique\/product\/sira-mag-special-mali-ebook\/#breadcrumb"},"inLanguage":"fr-FR","potentialAction":[{"@type":"ReadAction","target":["https:\/\/afrilangues.com\/boutique\/product\/sira-mag-special-mali-ebook\/"]}]},{"@type":"BreadcrumbList","@id":"https:\/\/afrilangues.com\/boutique\/product\/sira-mag-special-mali-ebook\/#breadcrumb","itemListElement":[{"@type":"ListItem","position":1,"name":"Home","item":"https:\/\/afrilangues.com\/boutique\/"},{"@type":"ListItem","position":2,"name":"Produits","item":"https:\/\/afrilangues.com\/boutique\/shop\/"},{"@type":"ListItem","position":3,"name":"SIRA MAG &#8211; SP\u00c9CIAL MALI &#8211; EBOOK"}]},{"@type":"WebSite","@id":"https:\/\/afrilangues.com\/boutique\/#website","url":"https:\/\/afrilangues.com\/boutique\/","name":"Afrilangues","description":"COURS DE LANGUES AFRICAINES \/ APPRENDRE UNE LANGUE AFRICAINE","publisher":{"@id":"https:\/\/afrilangues.com\/boutique\/#organization"},"potentialAction":[{"@type":"SearchAction","target":{"@type":"EntryPoint","urlTemplate":"https:\/\/afrilangues.com\/boutique\/?s={search_term_string}"},"query-input":"required name=search_term_string"}],"inLanguage":"fr-FR"},{"@type":["Organization","Place","School"],"@id":"https:\/\/afrilangues.com\/boutique\/#organization","name":"AFRILANGUES","url":"https:\/\/afrilangues.com\/boutique\/","logo":{"@id":"https:\/\/afrilangues.com\/boutique\/product\/sira-mag-special-mali-ebook\/#local-main-organization-logo"},"image":{"@id":"https:\/\/afrilangues.com\/boutique\/product\/sira-mag-special-mali-ebook\/#local-main-organization-logo"},"sameAs":["https:\/\/facebook.com\/afrilangues\/","https:\/\/www.instagram.com\/afrilangues\/?hl=fr","https:\/\/www.pinterest.fr\/afrilangues\/","https:\/\/www.youtube.com\/channel\/UCeB4UPA38S2hscm54e9gvhg\/featured"],"address":{"@id":"https:\/\/afrilangues.com\/boutique\/product\/sira-mag-special-mali-ebook\/#local-main-place-address"},"telephone":["0658485313"],"openingHoursSpecification":[{"@type":"OpeningHoursSpecification","dayOfWeek":["Monday","Tuesday","Thursday","Friday","Saturday"],"opens":"09:00","closes":"18:45"},{"@type":"OpeningHoursSpecification","dayOfWeek":["Wednesday"],"opens":"09:00","closes":"17:00"},{"@type":"OpeningHoursSpecification","dayOfWeek":["Sunday"],"opens":"11:00","closes":"18:45"}],"email":"contact@afrilangues.com"},{"@type":"PostalAddress","@id":"https:\/\/afrilangues.com\/boutique\/product\/sira-mag-special-mali-ebook\/#local-main-place-address","streetAddress":"17, Rue H\u00e9rold","addressLocality":"Paris","postalCode":"75001","addressRegion":"France","addressCountry":"FR"},{"@type":"ImageObject","inLanguage":"fr-FR","@id":"https:\/\/afrilangues.com\/boutique\/product\/sira-mag-special-mali-ebook\/#local-main-organization-logo","url":"https:\/\/mlxltcnvapql.i.optimole.com\/w:auto\/h:auto\/q:mauto\/f:best\/https:\/\/afrilangues.com\/boutique\/wp-content\/uploads\/2021\/07\/Logo-Afrilangues-app_mini.png","contentUrl":"https:\/\/mlxltcnvapql.i.optimole.com\/w:auto\/h:auto\/q:mauto\/f:best\/https:\/\/afrilangues.com\/boutique\/wp-content\/uploads\/2021\/07\/Logo-Afrilangues-app_mini.png","width":67,"height":72,"caption":"AFRILANGUES"}]},"product_price_amount":"10.50","product_price_currency":"EUR","og_availability":"instock","product_availability":"instock","product_condition":"new","geo.placename":"Paris","geo.region":"France"},"_links":{"self":[{"href":"https:\/\/afrilangues.com\/boutique\/wp-json\/wp\/v2\/product\/6242"}],"collection":[{"href":"https:\/\/afrilangues.com\/boutique\/wp-json\/wp\/v2\/product"}],"about":[{"href":"https:\/\/afrilangues.com\/boutique\/wp-json\/wp\/v2\/types\/product"}],"replies":[{"embeddable":true,"href":"https:\/\/afrilangues.com\/boutique\/wp-json\/wp\/v2\/comments?post=6242"}],"version-history":[{"count":2,"href":"https:\/\/afrilangues.com\/boutique\/wp-json\/wp\/v2\/product\/6242\/revisions"}],"predecessor-version":[{"id":6245,"href":"https:\/\/afrilangues.com\/boutique\/wp-json\/wp\/v2\/product\/6242\/revisions\/6245"}],"wp:featuredmedia":[{"embeddable":true,"href":"https:\/\/afrilangues.com\/boutique\/wp-json\/wp\/v2\/media\/5093"}],"wp:attachment":[{"href":"https:\/\/afrilangues.com\/boutique\/wp-json\/wp\/v2\/media?parent=6242"}],"wp:term":[{"taxonomy":"product_cat","embeddable":true,"href":"https:\/\/afrilangues.com\/boutique\/wp-json\/wp\/v2\/product_cat?post=6242"},{"taxonomy":"product_tag","embeddable":true,"href":"https:\/\/afrilangues.com\/boutique\/wp-json\/wp\/v2\/product_tag?post=6242"}],"curies":[{"name":"wp","href":"https:\/\/api.w.org\/{rel}","templated":true}]}}