{"id":5835,"date":"2023-01-02T16:43:28","date_gmt":"2023-01-02T16:43:28","guid":{"rendered":"https:\/\/afrilangues.com\/boutique\/?post_type=product&#038;p=5835"},"modified":"2023-03-04T11:30:59","modified_gmt":"2023-03-04T11:30:59","slug":"sira-mag-congo","status":"publish","type":"product","link":"https:\/\/afrilangues.com\/boutique\/product\/sira-mag-congo\/","title":{"rendered":"SIRA mag &#8211; Les aventures de Ndom\u00e9 et Kiid\u00e9e aux Congo"},"content":{"rendered":"<div>SIRA MAG est un magazine destin\u00e9 principalement aux enfants d\u2019\u00e0 partir de 7 ans. Il a pour\u00a0 objectif de faire (re)d\u00e9couvrir l\u2019Afrique autrement \u00e0 travers des aventures bien illustr\u00e9es, l\u2019\u00e9veil aux langues, l\u2019histoire, des recettes, la culture etc.<\/div>\n<div><\/div>\n<div>Il tente de donner \u00e0 la diaspora (pas que) l\u2019opportunit\u00e9 de (re)nouer, renforcer ses liens avec l\u2019Afrique, de lui porter un regard positif et de donner les cl\u00e9s aux tout-petits pour appr\u00e9hender l\u2019Afrique d\u2019hier et d\u2019aujourd\u2019hui.<\/div>\n<div><\/div>\n<div>Tous les trois mois, vos enfants exploreront un pays ou une r\u00e9gion d\u2019Afrique.<\/div>\n<div><\/div>\n<div>Ce\u00a0 num\u00e9ro met \u00e0 l\u2019honneur les Congo\u00a0 \u00e0 travers :<\/div>\n<div>\u2705 Des aventures bien illustr\u00e9es : les aventures de Ndom\u00e9 et de Kiid\u00e9 \u00e0 Kinshasa et \u00e0 Brazzaville<\/div>\n<div>\u2705 L\u2019\u00e9veil \u00e0 3 langues : lingala, laari (kikongo) et tshiluba<\/div>\n<div>\u2705 L\u2019Histoire des Congo : le royaume Kongo, T\u00e9k\u00e9, la conf\u00e9d\u00e9ration des Lubas et l\u2019expansion des Lundas, la colonisation et les luttes d\u2019ind\u00e9pendance.<\/div>\n<div>\u2705 La pr\u00e9sentation de quelques peuples des Congo<\/div>\n<div>\u2705 Un conte bilingue fran\u00e7ais-mbochi<\/div>\n<div>\u2705 Une BD sur Patrice Lumumba<\/div>\n<div>\u2705 Des recettes faciles \u00e0 r\u00e9aliser en famille<\/div>\n<div>\ud83d\udcdd Et plein d\u2019activit\u00e9s ludiques<\/div>\n<div><\/div>\n<div><strong>NOTRE PROCHAIN NUM\u00c9RO<\/strong> :<\/div>\n<div>\n<p class=\"p1\">D\u00e9couvrez le <a href=\"https:\/\/fr.wikipedia.org\/wiki\/S%C3%A9n%C3%A9gal\"><strong>S\u00e9n\u00e9gal<\/strong><\/a>, le pays de la teranga et plongez-vous dans son histoire, ses langues, ses cultures, sa gastronomie, ses modes de vie, ses sites touristiques en compagnie des Sankofas.<\/p>\n<\/div>\n","protected":false},"excerpt":{"rendered":"<p>SIRA MAG est un magazine destin\u00e9 principalement aux enfants d\u2019\u00e0 partir de 7 ans. Il a pour\u00a0 objectif de faire (re)d\u00e9couvrir l\u2019Afrique autrement \u00e0 travers des aventures bien illustr\u00e9es, l\u2019\u00e9veil aux langues, l\u2019histoire, des recettes, la culture etc. Il tente de donner \u00e0 la diaspora (pas que) l\u2019opportunit\u00e9 de (re)nouer, renforcer ses liens avec l\u2019Afrique, [&#8230;]\n","protected":false},"featured_media":5832,"comment_status":"open","ping_status":"closed","template":"","meta":{"_mi_skip_tracking":false,"_monsterinsights_sitenote_active":false,"_monsterinsights_sitenote_note":"","_monsterinsights_sitenote_category":0},"product_cat":[154],"product_tag":[],"acf":[],"yoast_head":"<!-- This site is optimized with the Yoast SEO Premium plugin v16.8 (Yoast SEO v21.5) - https:\/\/yoast.com\/wordpress\/plugins\/seo\/ -->\n<title>SIRA MAG - D\u00e9couvrir les Congo autrement !<\/title>\n<meta name=\"description\" content=\"Faites d\u00e9couvrir \u00e0 vos enfants la R\u00e9publique du Congo et la R\u00e9publique D\u00e9mocratique du Congo \u00e0 travers l&#039;histoire, les langues, la culture, un conte etc.\" \/>\n<meta name=\"robots\" content=\"index, follow, max-snippet:-1, max-image-preview:large, max-video-preview:-1\" \/>\n<link rel=\"canonical\" href=\"https:\/\/afrilangues.com\/boutique\/product\/sira-mag-congo\/\" \/>\n<meta property=\"og:locale\" content=\"fr_FR\" \/>\n<meta property=\"og:type\" content=\"article\" \/>\n<meta property=\"og:title\" content=\"SIRA mag - Les aventures de Ndom\u00e9 et Kiid\u00e9e aux Congo\" \/>\n<meta property=\"og:description\" content=\"Faites d\u00e9couvrir \u00e0 vos enfants la R\u00e9publique du Congo et la R\u00e9publique D\u00e9mocratique du Congo \u00e0 travers l&#039;histoire, les langues, la culture, un conte etc.\" \/>\n<meta property=\"og:url\" content=\"https:\/\/afrilangues.com\/boutique\/product\/sira-mag-congo\/\" \/>\n<meta property=\"og:site_name\" content=\"Afrilangues\" \/>\n<meta property=\"article:publisher\" content=\"https:\/\/facebook.com\/afrilangues\/\" \/>\n<meta property=\"article:modified_time\" content=\"2023-03-04T11:30:59+00:00\" \/>\n<meta property=\"og:image\" content=\"https:\/\/mlxltcnvapql.i.optimole.com\/w:auto\/h:auto\/q:mauto\/f:best\/https:\/\/afrilangues.com\/boutique\/wp-content\/uploads\/2023\/01\/siramag_congo_afrilangues_1.png\" \/>\n\t<meta property=\"og:image:width\" content=\"2480\" \/>\n\t<meta property=\"og:image:height\" content=\"3071\" \/>\n\t<meta property=\"og:image:type\" content=\"image\/png\" \/>\n<meta name=\"twitter:card\" content=\"summary_large_image\" \/>\n<meta name=\"twitter:label1\" content=\"Prix\" \/>\n\t<meta name=\"twitter:data1\" content=\"&euro;15.00\" \/>\n\t<meta name=\"twitter:label2\" content=\"Availability\" \/>\n\t<meta name=\"twitter:data2\" content=\"In stock\" \/>\n<script type=\"application\/ld+json\" class=\"yoast-schema-graph\">{\"@context\":\"https:\/\/schema.org\",\"@graph\":[{\"@type\":\"WebPage\",\"@id\":\"https:\/\/afrilangues.com\/boutique\/product\/sira-mag-congo\/\",\"url\":\"https:\/\/afrilangues.com\/boutique\/product\/sira-mag-congo\/\",\"name\":\"SIRA MAG - D\u00e9couvrir les Congo autrement !\",\"isPartOf\":{\"@id\":\"https:\/\/afrilangues.com\/boutique\/#website\"},\"datePublished\":\"2023-01-02T16:43:28+00:00\",\"dateModified\":\"2023-03-04T11:30:59+00:00\",\"description\":\"Faites d\u00e9couvrir \u00e0 vos enfants la R\u00e9publique du Congo et la R\u00e9publique D\u00e9mocratique du Congo \u00e0 travers l'histoire, les langues, la culture, un conte etc.\",\"breadcrumb\":{\"@id\":\"https:\/\/afrilangues.com\/boutique\/product\/sira-mag-congo\/#breadcrumb\"},\"inLanguage\":\"fr-FR\",\"potentialAction\":[{\"@type\":\"ReadAction\",\"target\":[\"https:\/\/afrilangues.com\/boutique\/product\/sira-mag-congo\/\"]}]},{\"@type\":\"BreadcrumbList\",\"@id\":\"https:\/\/afrilangues.com\/boutique\/product\/sira-mag-congo\/#breadcrumb\",\"itemListElement\":[{\"@type\":\"ListItem\",\"position\":1,\"name\":\"Home\",\"item\":\"https:\/\/afrilangues.com\/boutique\/\"},{\"@type\":\"ListItem\",\"position\":2,\"name\":\"Produits\",\"item\":\"https:\/\/afrilangues.com\/boutique\/shop\/\"},{\"@type\":\"ListItem\",\"position\":3,\"name\":\"SIRA mag &#8211; Les aventures de Ndom\u00e9 et Kiid\u00e9e aux Congo\"}]},{\"@type\":\"WebSite\",\"@id\":\"https:\/\/afrilangues.com\/boutique\/#website\",\"url\":\"https:\/\/afrilangues.com\/boutique\/\",\"name\":\"Afrilangues\",\"description\":\"COURS DE LANGUES AFRICAINES \/ APPRENDRE UNE LANGUE AFRICAINE\",\"publisher\":{\"@id\":\"https:\/\/afrilangues.com\/boutique\/#organization\"},\"potentialAction\":[{\"@type\":\"SearchAction\",\"target\":{\"@type\":\"EntryPoint\",\"urlTemplate\":\"https:\/\/afrilangues.com\/boutique\/?s={search_term_string}\"},\"query-input\":\"required name=search_term_string\"}],\"inLanguage\":\"fr-FR\"},{\"@type\":[\"Organization\",\"Place\",\"School\"],\"@id\":\"https:\/\/afrilangues.com\/boutique\/#organization\",\"name\":\"AFRILANGUES\",\"url\":\"https:\/\/afrilangues.com\/boutique\/\",\"logo\":{\"@id\":\"https:\/\/afrilangues.com\/boutique\/product\/sira-mag-congo\/#local-main-organization-logo\"},\"image\":{\"@id\":\"https:\/\/afrilangues.com\/boutique\/product\/sira-mag-congo\/#local-main-organization-logo\"},\"sameAs\":[\"https:\/\/facebook.com\/afrilangues\/\",\"https:\/\/www.instagram.com\/afrilangues\/?hl=fr\",\"https:\/\/www.pinterest.fr\/afrilangues\/\",\"https:\/\/www.youtube.com\/channel\/UCeB4UPA38S2hscm54e9gvhg\/featured\"],\"address\":{\"@id\":\"https:\/\/afrilangues.com\/boutique\/product\/sira-mag-congo\/#local-main-place-address\"},\"telephone\":[\"0658485313\"],\"openingHoursSpecification\":[{\"@type\":\"OpeningHoursSpecification\",\"dayOfWeek\":[\"Monday\",\"Tuesday\",\"Thursday\",\"Friday\",\"Saturday\"],\"opens\":\"09:00\",\"closes\":\"18:45\"},{\"@type\":\"OpeningHoursSpecification\",\"dayOfWeek\":[\"Wednesday\"],\"opens\":\"09:00\",\"closes\":\"17:00\"},{\"@type\":\"OpeningHoursSpecification\",\"dayOfWeek\":[\"Sunday\"],\"opens\":\"11:00\",\"closes\":\"18:45\"}],\"email\":\"contact@afrilangues.com\"},{\"@type\":\"PostalAddress\",\"@id\":\"https:\/\/afrilangues.com\/boutique\/product\/sira-mag-congo\/#local-main-place-address\",\"streetAddress\":\"17, Rue H\u00e9rold\",\"addressLocality\":\"Paris\",\"postalCode\":\"75001\",\"addressRegion\":\"France\",\"addressCountry\":\"FR\"},{\"@type\":\"ImageObject\",\"inLanguage\":\"fr-FR\",\"@id\":\"https:\/\/afrilangues.com\/boutique\/product\/sira-mag-congo\/#local-main-organization-logo\",\"url\":\"https:\/\/mlxltcnvapql.i.optimole.com\/w:auto\/h:auto\/q:mauto\/f:best\/https:\/\/afrilangues.com\/boutique\/wp-content\/uploads\/2021\/07\/Logo-Afrilangues-app_mini.png\",\"contentUrl\":\"https:\/\/mlxltcnvapql.i.optimole.com\/w:auto\/h:auto\/q:mauto\/f:best\/https:\/\/afrilangues.com\/boutique\/wp-content\/uploads\/2021\/07\/Logo-Afrilangues-app_mini.png\",\"width\":67,\"height\":72,\"caption\":\"AFRILANGUES\"}]}<\/script>\n<meta property=\"product:price:amount\" content=\"15.00\" \/>\n<meta property=\"product:price:currency\" content=\"EUR\" \/>\n<meta property=\"og:availability\" content=\"instock\" \/>\n<meta property=\"product:availability\" content=\"instock\" \/>\n<meta property=\"product:condition\" content=\"new\" \/>\n<meta name=\"geo.placename\" content=\"Paris\" \/>\n<meta name=\"geo.region\" content=\"France\" \/>\n<!-- \/ Yoast SEO Premium plugin. -->","yoast_head_json":{"title":"SIRA MAG - D\u00e9couvrir les Congo autrement !","description":"Faites d\u00e9couvrir \u00e0 vos enfants la R\u00e9publique du Congo et la R\u00e9publique D\u00e9mocratique du Congo \u00e0 travers l'histoire, les langues, la culture, un conte etc.","robots":{"index":"index","follow":"follow","max-snippet":"max-snippet:-1","max-image-preview":"max-image-preview:large","max-video-preview":"max-video-preview:-1"},"canonical":"https:\/\/afrilangues.com\/boutique\/product\/sira-mag-congo\/","og_locale":"fr_FR","og_type":"article","og_title":"SIRA mag - Les aventures de Ndom\u00e9 et Kiid\u00e9e aux Congo","og_description":"Faites d\u00e9couvrir \u00e0 vos enfants la R\u00e9publique du Congo et la R\u00e9publique D\u00e9mocratique du Congo \u00e0 travers l'histoire, les langues, la culture, un conte etc.","og_url":"https:\/\/afrilangues.com\/boutique\/product\/sira-mag-congo\/","og_site_name":"Afrilangues","article_publisher":"https:\/\/facebook.com\/afrilangues\/","article_modified_time":"2023-03-04T11:30:59+00:00","og_image":[{"width":2480,"height":3071,"url":"https:\/\/mlxltcnvapql.i.optimole.com\/w:auto\/h:auto\/q:mauto\/f:best\/https:\/\/afrilangues.com\/boutique\/wp-content\/uploads\/2023\/01\/siramag_congo_afrilangues_1.png","type":"image\/png"}],"twitter_card":"summary_large_image","twitter_misc":{"Prix":"&euro;15.00","Availability":"In stock"},"schema":{"@context":"https:\/\/schema.org","@graph":[{"@type":"WebPage","@id":"https:\/\/afrilangues.com\/boutique\/product\/sira-mag-congo\/","url":"https:\/\/afrilangues.com\/boutique\/product\/sira-mag-congo\/","name":"SIRA MAG - D\u00e9couvrir les Congo autrement !","isPartOf":{"@id":"https:\/\/afrilangues.com\/boutique\/#website"},"datePublished":"2023-01-02T16:43:28+00:00","dateModified":"2023-03-04T11:30:59+00:00","description":"Faites d\u00e9couvrir \u00e0 vos enfants la R\u00e9publique du Congo et la R\u00e9publique D\u00e9mocratique du Congo \u00e0 travers l'histoire, les langues, la culture, un conte etc.","breadcrumb":{"@id":"https:\/\/afrilangues.com\/boutique\/product\/sira-mag-congo\/#breadcrumb"},"inLanguage":"fr-FR","potentialAction":[{"@type":"ReadAction","target":["https:\/\/afrilangues.com\/boutique\/product\/sira-mag-congo\/"]}]},{"@type":"BreadcrumbList","@id":"https:\/\/afrilangues.com\/boutique\/product\/sira-mag-congo\/#breadcrumb","itemListElement":[{"@type":"ListItem","position":1,"name":"Home","item":"https:\/\/afrilangues.com\/boutique\/"},{"@type":"ListItem","position":2,"name":"Produits","item":"https:\/\/afrilangues.com\/boutique\/shop\/"},{"@type":"ListItem","position":3,"name":"SIRA mag &#8211; Les aventures de Ndom\u00e9 et Kiid\u00e9e aux Congo"}]},{"@type":"WebSite","@id":"https:\/\/afrilangues.com\/boutique\/#website","url":"https:\/\/afrilangues.com\/boutique\/","name":"Afrilangues","description":"COURS DE LANGUES AFRICAINES \/ APPRENDRE UNE LANGUE AFRICAINE","publisher":{"@id":"https:\/\/afrilangues.com\/boutique\/#organization"},"potentialAction":[{"@type":"SearchAction","target":{"@type":"EntryPoint","urlTemplate":"https:\/\/afrilangues.com\/boutique\/?s={search_term_string}"},"query-input":"required name=search_term_string"}],"inLanguage":"fr-FR"},{"@type":["Organization","Place","School"],"@id":"https:\/\/afrilangues.com\/boutique\/#organization","name":"AFRILANGUES","url":"https:\/\/afrilangues.com\/boutique\/","logo":{"@id":"https:\/\/afrilangues.com\/boutique\/product\/sira-mag-congo\/#local-main-organization-logo"},"image":{"@id":"https:\/\/afrilangues.com\/boutique\/product\/sira-mag-congo\/#local-main-organization-logo"},"sameAs":["https:\/\/facebook.com\/afrilangues\/","https:\/\/www.instagram.com\/afrilangues\/?hl=fr","https:\/\/www.pinterest.fr\/afrilangues\/","https:\/\/www.youtube.com\/channel\/UCeB4UPA38S2hscm54e9gvhg\/featured"],"address":{"@id":"https:\/\/afrilangues.com\/boutique\/product\/sira-mag-congo\/#local-main-place-address"},"telephone":["0658485313"],"openingHoursSpecification":[{"@type":"OpeningHoursSpecification","dayOfWeek":["Monday","Tuesday","Thursday","Friday","Saturday"],"opens":"09:00","closes":"18:45"},{"@type":"OpeningHoursSpecification","dayOfWeek":["Wednesday"],"opens":"09:00","closes":"17:00"},{"@type":"OpeningHoursSpecification","dayOfWeek":["Sunday"],"opens":"11:00","closes":"18:45"}],"email":"contact@afrilangues.com"},{"@type":"PostalAddress","@id":"https:\/\/afrilangues.com\/boutique\/product\/sira-mag-congo\/#local-main-place-address","streetAddress":"17, Rue H\u00e9rold","addressLocality":"Paris","postalCode":"75001","addressRegion":"France","addressCountry":"FR"},{"@type":"ImageObject","inLanguage":"fr-FR","@id":"https:\/\/afrilangues.com\/boutique\/product\/sira-mag-congo\/#local-main-organization-logo","url":"https:\/\/mlxltcnvapql.i.optimole.com\/w:auto\/h:auto\/q:mauto\/f:best\/https:\/\/afrilangues.com\/boutique\/wp-content\/uploads\/2021\/07\/Logo-Afrilangues-app_mini.png","contentUrl":"https:\/\/mlxltcnvapql.i.optimole.com\/w:auto\/h:auto\/q:mauto\/f:best\/https:\/\/afrilangues.com\/boutique\/wp-content\/uploads\/2021\/07\/Logo-Afrilangues-app_mini.png","width":67,"height":72,"caption":"AFRILANGUES"}]},"product_price_amount":"15.00","product_price_currency":"EUR","og_availability":"instock","product_availability":"instock","product_condition":"new","geo.placename":"Paris","geo.region":"France"},"_links":{"self":[{"href":"https:\/\/afrilangues.com\/boutique\/wp-json\/wp\/v2\/product\/5835"}],"collection":[{"href":"https:\/\/afrilangues.com\/boutique\/wp-json\/wp\/v2\/product"}],"about":[{"href":"https:\/\/afrilangues.com\/boutique\/wp-json\/wp\/v2\/types\/product"}],"replies":[{"embeddable":true,"href":"https:\/\/afrilangues.com\/boutique\/wp-json\/wp\/v2\/comments?post=5835"}],"version-history":[{"count":7,"href":"https:\/\/afrilangues.com\/boutique\/wp-json\/wp\/v2\/product\/5835\/revisions"}],"predecessor-version":[{"id":6369,"href":"https:\/\/afrilangues.com\/boutique\/wp-json\/wp\/v2\/product\/5835\/revisions\/6369"}],"wp:featuredmedia":[{"embeddable":true,"href":"https:\/\/afrilangues.com\/boutique\/wp-json\/wp\/v2\/media\/5832"}],"wp:attachment":[{"href":"https:\/\/afrilangues.com\/boutique\/wp-json\/wp\/v2\/media?parent=5835"}],"wp:term":[{"taxonomy":"product_cat","embeddable":true,"href":"https:\/\/afrilangues.com\/boutique\/wp-json\/wp\/v2\/product_cat?post=5835"},{"taxonomy":"product_tag","embeddable":true,"href":"https:\/\/afrilangues.com\/boutique\/wp-json\/wp\/v2\/product_tag?post=5835"}],"curies":[{"name":"wp","href":"https:\/\/api.w.org\/{rel}","templated":true}]}}