{"id":307,"date":"2020-08-29T14:01:18","date_gmt":"2020-08-29T14:01:18","guid":{"rendered":"https:\/\/afrilangues.com\/boutique\/?post_type=product&#038;p=307"},"modified":"2022-09-14T11:20:15","modified_gmt":"2022-09-14T11:20:15","slug":"cours-pratique-de-bambara","status":"publish","type":"product","link":"https:\/\/afrilangues.com\/boutique\/product\/cours-pratique-de-bambara\/","title":{"rendered":"Cours Pratique de BAMBARA"},"content":{"rendered":"<p>Les \u00e9ditions Donniya ont vu le jour en mai 1996. Leur naissance s\u2019est d\u00e9roul\u00e9e dans le contexte d\u2019une vision int\u00e9gr\u00e9e du livre\u00a0: en 1994, l\u2019imprimerie Imprim Color a d\u00e9but\u00e9 ses activit\u00e9s. Elle fut la premi\u00e8re imprimerie \u00e0 Bamako ma\u00eetrisant l\u2019impression couleur de qualit\u00e9 avec studio de conception et photogravure PAO int\u00e9gr\u00e9s. Aujourd\u2019hui, Donniya \u00e9dite en grande majorit\u00e9 des livres scolaires\u00a0; elle tente de participer \u00e0 l\u2019\u00e9laboration d\u2019un meilleur syst\u00e8me d\u2019\u00e9ducation au Mali. Par ailleurs Donniya s\u2019est sp\u00e9cialis\u00e9e dans trois domaines\u00a0: l\u2019\u00e9dition jeunesse, comprenant l\u2019\u00e9dition parascolaire et les livres illustr\u00e9s (contes)\u00a0; l\u2019\u00e9dition dans le domaine culturel avec la revue\u00a0<i>Tapama<\/i>, patrimonial et artistique\u00a0; et enfin mais surtout l\u2019\u00e9dition dans le domaine des langues nationales, avec les dictionnaires fran\u00e7ais-bambara et bambara-fran\u00e7ais, et les cours pratiques de bambara.<\/p>\n","protected":false},"excerpt":{"rendered":"<p>Les \u00e9ditions Donniya ont vu le jour en mai 1996. Leur naissance s\u2019est d\u00e9roul\u00e9e dans le contexte d\u2019une vision int\u00e9gr\u00e9e du livre\u00a0: en 1994, l\u2019imprimerie Imprim Color a d\u00e9but\u00e9 ses activit\u00e9s. Elle fut la premi\u00e8re imprimerie \u00e0 Bamako ma\u00eetrisant l\u2019impression couleur de qualit\u00e9 avec studio de conception et photogravure PAO int\u00e9gr\u00e9s. Aujourd\u2019hui, Donniya \u00e9dite en [&#8230;]\n","protected":false},"featured_media":304,"comment_status":"open","ping_status":"closed","template":"","meta":{"_mi_skip_tracking":false,"_monsterinsights_sitenote_active":false,"_monsterinsights_sitenote_note":"","_monsterinsights_sitenote_category":0},"product_cat":[75],"product_tag":[],"acf":[],"yoast_head":"<!-- This site is optimized with the Yoast SEO Premium plugin v16.8 (Yoast SEO v21.5) - https:\/\/yoast.com\/wordpress\/plugins\/seo\/ -->\n<title>Cours Pratique de BAMBARA &#187; Afrilangues<\/title>\n<meta name=\"robots\" content=\"index, follow, max-snippet:-1, max-image-preview:large, max-video-preview:-1\" \/>\n<link rel=\"canonical\" href=\"https:\/\/afrilangues.com\/boutique\/product\/cours-pratique-de-bambara\/\" \/>\n<meta property=\"og:locale\" content=\"fr_FR\" \/>\n<meta property=\"og:type\" content=\"article\" \/>\n<meta property=\"og:title\" content=\"Cours Pratique de BAMBARA\" \/>\n<meta property=\"og:description\" content=\"Les \u00e9ditions Donniya ont vu le jour en mai 1996. Leur naissance s\u2019est d\u00e9roul\u00e9e dans le contexte d\u2019une vision int\u00e9gr\u00e9e du livre\u00a0: en 1994, l\u2019imprimerie Imprim Color a d\u00e9but\u00e9 ses activit\u00e9s. Elle fut la premi\u00e8re imprimerie \u00e0 Bamako ma\u00eetrisant l\u2019impression couleur de qualit\u00e9 avec studio de conception et photogravure PAO int\u00e9gr\u00e9s. Aujourd\u2019hui, Donniya \u00e9dite en [...]\" \/>\n<meta property=\"og:url\" content=\"https:\/\/afrilangues.com\/boutique\/product\/cours-pratique-de-bambara\/\" \/>\n<meta property=\"og:site_name\" content=\"Afrilangues\" \/>\n<meta property=\"article:publisher\" content=\"https:\/\/facebook.com\/afrilangues\/\" \/>\n<meta property=\"article:modified_time\" content=\"2022-09-14T11:20:15+00:00\" \/>\n<meta property=\"og:image\" content=\"https:\/\/mlxltcnvapql.i.optimole.com\/w:auto\/h:auto\/q:mauto\/f:best\/https:\/\/afrilangues.com\/boutique\/wp-content\/uploads\/2020\/08\/Donniya-COURS-BAMBARA.jpg\" \/>\n\t<meta property=\"og:image:width\" content=\"469\" \/>\n\t<meta property=\"og:image:height\" content=\"666\" \/>\n\t<meta property=\"og:image:type\" content=\"image\/jpeg\" \/>\n<meta name=\"twitter:card\" content=\"summary_large_image\" \/>\n<meta name=\"twitter:label1\" content=\"Prix\" \/>\n\t<meta name=\"twitter:data1\" content=\"&euro;25.00\" \/>\n\t<meta name=\"twitter:label2\" content=\"Availability\" \/>\n\t<meta name=\"twitter:data2\" content=\"In stock\" \/>\n<script type=\"application\/ld+json\" class=\"yoast-schema-graph\">{\"@context\":\"https:\/\/schema.org\",\"@graph\":[{\"@type\":\"WebPage\",\"@id\":\"https:\/\/afrilangues.com\/boutique\/product\/cours-pratique-de-bambara\/\",\"url\":\"https:\/\/afrilangues.com\/boutique\/product\/cours-pratique-de-bambara\/\",\"name\":\"Cours Pratique de BAMBARA &#187; Afrilangues\",\"isPartOf\":{\"@id\":\"https:\/\/afrilangues.com\/boutique\/#website\"},\"datePublished\":\"2020-08-29T14:01:18+00:00\",\"dateModified\":\"2022-09-14T11:20:15+00:00\",\"breadcrumb\":{\"@id\":\"https:\/\/afrilangues.com\/boutique\/product\/cours-pratique-de-bambara\/#breadcrumb\"},\"inLanguage\":\"fr-FR\",\"potentialAction\":[{\"@type\":\"ReadAction\",\"target\":[\"https:\/\/afrilangues.com\/boutique\/product\/cours-pratique-de-bambara\/\"]}]},{\"@type\":\"BreadcrumbList\",\"@id\":\"https:\/\/afrilangues.com\/boutique\/product\/cours-pratique-de-bambara\/#breadcrumb\",\"itemListElement\":[{\"@type\":\"ListItem\",\"position\":1,\"name\":\"Home\",\"item\":\"https:\/\/afrilangues.com\/boutique\/\"},{\"@type\":\"ListItem\",\"position\":2,\"name\":\"Produits\",\"item\":\"https:\/\/afrilangues.com\/boutique\/shop\/\"},{\"@type\":\"ListItem\",\"position\":3,\"name\":\"Cours Pratique de BAMBARA\"}]},{\"@type\":\"WebSite\",\"@id\":\"https:\/\/afrilangues.com\/boutique\/#website\",\"url\":\"https:\/\/afrilangues.com\/boutique\/\",\"name\":\"Afrilangues\",\"description\":\"COURS DE LANGUES AFRICAINES \/ APPRENDRE UNE LANGUE AFRICAINE\",\"publisher\":{\"@id\":\"https:\/\/afrilangues.com\/boutique\/#organization\"},\"potentialAction\":[{\"@type\":\"SearchAction\",\"target\":{\"@type\":\"EntryPoint\",\"urlTemplate\":\"https:\/\/afrilangues.com\/boutique\/?s={search_term_string}\"},\"query-input\":\"required name=search_term_string\"}],\"inLanguage\":\"fr-FR\"},{\"@type\":[\"Organization\",\"Place\",\"School\"],\"@id\":\"https:\/\/afrilangues.com\/boutique\/#organization\",\"name\":\"AFRILANGUES\",\"url\":\"https:\/\/afrilangues.com\/boutique\/\",\"logo\":{\"@id\":\"https:\/\/afrilangues.com\/boutique\/product\/cours-pratique-de-bambara\/#local-main-organization-logo\"},\"image\":{\"@id\":\"https:\/\/afrilangues.com\/boutique\/product\/cours-pratique-de-bambara\/#local-main-organization-logo\"},\"sameAs\":[\"https:\/\/facebook.com\/afrilangues\/\",\"https:\/\/www.instagram.com\/afrilangues\/?hl=fr\",\"https:\/\/www.pinterest.fr\/afrilangues\/\",\"https:\/\/www.youtube.com\/channel\/UCeB4UPA38S2hscm54e9gvhg\/featured\"],\"address\":{\"@id\":\"https:\/\/afrilangues.com\/boutique\/product\/cours-pratique-de-bambara\/#local-main-place-address\"},\"telephone\":[\"0658485313\"],\"openingHoursSpecification\":[{\"@type\":\"OpeningHoursSpecification\",\"dayOfWeek\":[\"Monday\",\"Tuesday\",\"Thursday\",\"Friday\",\"Saturday\"],\"opens\":\"09:00\",\"closes\":\"18:45\"},{\"@type\":\"OpeningHoursSpecification\",\"dayOfWeek\":[\"Wednesday\"],\"opens\":\"09:00\",\"closes\":\"17:00\"},{\"@type\":\"OpeningHoursSpecification\",\"dayOfWeek\":[\"Sunday\"],\"opens\":\"11:00\",\"closes\":\"18:45\"}],\"email\":\"contact@afrilangues.com\"},{\"@type\":\"PostalAddress\",\"@id\":\"https:\/\/afrilangues.com\/boutique\/product\/cours-pratique-de-bambara\/#local-main-place-address\",\"streetAddress\":\"17, Rue H\u00e9rold\",\"addressLocality\":\"Paris\",\"postalCode\":\"75001\",\"addressRegion\":\"France\",\"addressCountry\":\"FR\"},{\"@type\":\"ImageObject\",\"inLanguage\":\"fr-FR\",\"@id\":\"https:\/\/afrilangues.com\/boutique\/product\/cours-pratique-de-bambara\/#local-main-organization-logo\",\"url\":\"https:\/\/mlxltcnvapql.i.optimole.com\/w:auto\/h:auto\/q:mauto\/f:best\/https:\/\/afrilangues.com\/boutique\/wp-content\/uploads\/2021\/07\/Logo-Afrilangues-app_mini.png\",\"contentUrl\":\"https:\/\/mlxltcnvapql.i.optimole.com\/w:auto\/h:auto\/q:mauto\/f:best\/https:\/\/afrilangues.com\/boutique\/wp-content\/uploads\/2021\/07\/Logo-Afrilangues-app_mini.png\",\"width\":67,\"height\":72,\"caption\":\"AFRILANGUES\"}]}<\/script>\n<meta property=\"product:price:amount\" content=\"25.00\" \/>\n<meta property=\"product:price:currency\" content=\"EUR\" \/>\n<meta property=\"og:availability\" content=\"instock\" \/>\n<meta property=\"product:availability\" content=\"instock\" \/>\n<meta property=\"product:condition\" content=\"new\" \/>\n<meta name=\"geo.placename\" content=\"Paris\" \/>\n<meta name=\"geo.region\" content=\"France\" \/>\n<!-- \/ Yoast SEO Premium plugin. -->","yoast_head_json":{"title":"Cours Pratique de BAMBARA &#187; Afrilangues","robots":{"index":"index","follow":"follow","max-snippet":"max-snippet:-1","max-image-preview":"max-image-preview:large","max-video-preview":"max-video-preview:-1"},"canonical":"https:\/\/afrilangues.com\/boutique\/product\/cours-pratique-de-bambara\/","og_locale":"fr_FR","og_type":"article","og_title":"Cours Pratique de BAMBARA","og_description":"Les \u00e9ditions Donniya ont vu le jour en mai 1996. Leur naissance s\u2019est d\u00e9roul\u00e9e dans le contexte d\u2019une vision int\u00e9gr\u00e9e du livre\u00a0: en 1994, l\u2019imprimerie Imprim Color a d\u00e9but\u00e9 ses activit\u00e9s. Elle fut la premi\u00e8re imprimerie \u00e0 Bamako ma\u00eetrisant l\u2019impression couleur de qualit\u00e9 avec studio de conception et photogravure PAO int\u00e9gr\u00e9s. Aujourd\u2019hui, Donniya \u00e9dite en [...]","og_url":"https:\/\/afrilangues.com\/boutique\/product\/cours-pratique-de-bambara\/","og_site_name":"Afrilangues","article_publisher":"https:\/\/facebook.com\/afrilangues\/","article_modified_time":"2022-09-14T11:20:15+00:00","og_image":[{"width":469,"height":666,"url":"https:\/\/mlxltcnvapql.i.optimole.com\/w:auto\/h:auto\/q:mauto\/f:best\/https:\/\/afrilangues.com\/boutique\/wp-content\/uploads\/2020\/08\/Donniya-COURS-BAMBARA.jpg","type":"image\/jpeg"}],"twitter_card":"summary_large_image","twitter_misc":{"Prix":"&euro;25.00","Availability":"In stock"},"schema":{"@context":"https:\/\/schema.org","@graph":[{"@type":"WebPage","@id":"https:\/\/afrilangues.com\/boutique\/product\/cours-pratique-de-bambara\/","url":"https:\/\/afrilangues.com\/boutique\/product\/cours-pratique-de-bambara\/","name":"Cours Pratique de BAMBARA &#187; Afrilangues","isPartOf":{"@id":"https:\/\/afrilangues.com\/boutique\/#website"},"datePublished":"2020-08-29T14:01:18+00:00","dateModified":"2022-09-14T11:20:15+00:00","breadcrumb":{"@id":"https:\/\/afrilangues.com\/boutique\/product\/cours-pratique-de-bambara\/#breadcrumb"},"inLanguage":"fr-FR","potentialAction":[{"@type":"ReadAction","target":["https:\/\/afrilangues.com\/boutique\/product\/cours-pratique-de-bambara\/"]}]},{"@type":"BreadcrumbList","@id":"https:\/\/afrilangues.com\/boutique\/product\/cours-pratique-de-bambara\/#breadcrumb","itemListElement":[{"@type":"ListItem","position":1,"name":"Home","item":"https:\/\/afrilangues.com\/boutique\/"},{"@type":"ListItem","position":2,"name":"Produits","item":"https:\/\/afrilangues.com\/boutique\/shop\/"},{"@type":"ListItem","position":3,"name":"Cours Pratique de BAMBARA"}]},{"@type":"WebSite","@id":"https:\/\/afrilangues.com\/boutique\/#website","url":"https:\/\/afrilangues.com\/boutique\/","name":"Afrilangues","description":"COURS DE LANGUES AFRICAINES \/ APPRENDRE UNE LANGUE AFRICAINE","publisher":{"@id":"https:\/\/afrilangues.com\/boutique\/#organization"},"potentialAction":[{"@type":"SearchAction","target":{"@type":"EntryPoint","urlTemplate":"https:\/\/afrilangues.com\/boutique\/?s={search_term_string}"},"query-input":"required name=search_term_string"}],"inLanguage":"fr-FR"},{"@type":["Organization","Place","School"],"@id":"https:\/\/afrilangues.com\/boutique\/#organization","name":"AFRILANGUES","url":"https:\/\/afrilangues.com\/boutique\/","logo":{"@id":"https:\/\/afrilangues.com\/boutique\/product\/cours-pratique-de-bambara\/#local-main-organization-logo"},"image":{"@id":"https:\/\/afrilangues.com\/boutique\/product\/cours-pratique-de-bambara\/#local-main-organization-logo"},"sameAs":["https:\/\/facebook.com\/afrilangues\/","https:\/\/www.instagram.com\/afrilangues\/?hl=fr","https:\/\/www.pinterest.fr\/afrilangues\/","https:\/\/www.youtube.com\/channel\/UCeB4UPA38S2hscm54e9gvhg\/featured"],"address":{"@id":"https:\/\/afrilangues.com\/boutique\/product\/cours-pratique-de-bambara\/#local-main-place-address"},"telephone":["0658485313"],"openingHoursSpecification":[{"@type":"OpeningHoursSpecification","dayOfWeek":["Monday","Tuesday","Thursday","Friday","Saturday"],"opens":"09:00","closes":"18:45"},{"@type":"OpeningHoursSpecification","dayOfWeek":["Wednesday"],"opens":"09:00","closes":"17:00"},{"@type":"OpeningHoursSpecification","dayOfWeek":["Sunday"],"opens":"11:00","closes":"18:45"}],"email":"contact@afrilangues.com"},{"@type":"PostalAddress","@id":"https:\/\/afrilangues.com\/boutique\/product\/cours-pratique-de-bambara\/#local-main-place-address","streetAddress":"17, Rue H\u00e9rold","addressLocality":"Paris","postalCode":"75001","addressRegion":"France","addressCountry":"FR"},{"@type":"ImageObject","inLanguage":"fr-FR","@id":"https:\/\/afrilangues.com\/boutique\/product\/cours-pratique-de-bambara\/#local-main-organization-logo","url":"https:\/\/mlxltcnvapql.i.optimole.com\/w:auto\/h:auto\/q:mauto\/f:best\/https:\/\/afrilangues.com\/boutique\/wp-content\/uploads\/2021\/07\/Logo-Afrilangues-app_mini.png","contentUrl":"https:\/\/mlxltcnvapql.i.optimole.com\/w:auto\/h:auto\/q:mauto\/f:best\/https:\/\/afrilangues.com\/boutique\/wp-content\/uploads\/2021\/07\/Logo-Afrilangues-app_mini.png","width":67,"height":72,"caption":"AFRILANGUES"}]},"product_price_amount":"25.00","product_price_currency":"EUR","og_availability":"instock","product_availability":"instock","product_condition":"new","geo.placename":"Paris","geo.region":"France"},"_links":{"self":[{"href":"https:\/\/afrilangues.com\/boutique\/wp-json\/wp\/v2\/product\/307"}],"collection":[{"href":"https:\/\/afrilangues.com\/boutique\/wp-json\/wp\/v2\/product"}],"about":[{"href":"https:\/\/afrilangues.com\/boutique\/wp-json\/wp\/v2\/types\/product"}],"replies":[{"embeddable":true,"href":"https:\/\/afrilangues.com\/boutique\/wp-json\/wp\/v2\/comments?post=307"}],"version-history":[{"count":0,"href":"https:\/\/afrilangues.com\/boutique\/wp-json\/wp\/v2\/product\/307\/revisions"}],"wp:featuredmedia":[{"embeddable":true,"href":"https:\/\/afrilangues.com\/boutique\/wp-json\/wp\/v2\/media\/304"}],"wp:attachment":[{"href":"https:\/\/afrilangues.com\/boutique\/wp-json\/wp\/v2\/media?parent=307"}],"wp:term":[{"taxonomy":"product_cat","embeddable":true,"href":"https:\/\/afrilangues.com\/boutique\/wp-json\/wp\/v2\/product_cat?post=307"},{"taxonomy":"product_tag","embeddable":true,"href":"https:\/\/afrilangues.com\/boutique\/wp-json\/wp\/v2\/product_tag?post=307"}],"curies":[{"name":"wp","href":"https:\/\/api.w.org\/{rel}","templated":true}]}}