{"id":2064,"date":"2022-02-16T14:19:14","date_gmt":"2022-02-16T14:19:14","guid":{"rendered":"https:\/\/afrilangues.com\/boutique\/?post_type=product&#038;p=2064"},"modified":"2022-10-07T09:24:34","modified_gmt":"2022-10-07T09:24:34","slug":"lexique-de-366-prenoms-kamites-f%c9%94n","status":"publish","type":"product","link":"https:\/\/afrilangues.com\/boutique\/product\/lexique-de-366-prenoms-kamites-f%c9%94n\/","title":{"rendered":"Lexique de 366 pr\u00e9noms kamites (fon) &#8211; EBOOK"},"content":{"rendered":"<p class=\"p1\">Les 366 pr\u00e9noms de ce lexique ont \u00e9t\u00e9 s\u00e9lectionn\u00e9s \u00e0 partir de 1800 pr\u00e9noms de l\u2019\u00e8re socio-culturelle f\u0254n et maxi\u0301 que l\u2019auteur a r\u00e9pertori\u00e9s sur une dur\u00e9e de 7 ans. C\u2019est apr\u00e8s cela qu\u2019il a \u00e9limin\u00e9 588 pr\u00e9noms pour ne retenir que 1212 parce qu\u2019il est conscient que les pr\u00e9noms influencent positivement ou n\u00e9gativement les \u00eatres humains et que tout pr\u00e9nom doit \u00eatre r\u00e9fl\u00e9chi socialement, culturellement et m\u00eame spirituellement avant que quelqu\u2019un ne le porte. C\u2019est pourquoi, \u00e0 partir du r\u00e9pertoire de 1212 pr\u00e9noms f\u0254n retenus, 366 pr\u00e9noms correspondant \u00e0 chacun des 366 jours de l\u2019ann\u00e9e ont \u00e9t\u00e9 s\u00e9lectionn\u00e9s pour r\u00e9v\u00e9ler 366 messages d\u2019ordres social, culturel et surtout spirituel.<\/p>\n<p class=\"p1\">Le lexique de 366 pr\u00e9noms kamites ( f\u0254n ) permet de donner un pr\u00e9nom f\u0254n ou maxi\u0301 \u00e0 une personne selon son jour de naissance. Il est le reflet de la culture africaine et sera un compagnon pour tous.<\/p>\n<p><strong>A PROPOS DE L&#8217;AUTEUR<\/strong> :<\/p>\n<p class=\"p1\">N\u00e9 le 12 d\u00e9cembre 1991 \u00e0 Moudj\u00e0 (B\u00e9nin), Mahuton G\u00e9offroy DJESSOU est conteur, griot, auteur et com\u00e9dien. Membre du Laboratoire de Dynamique des Langues et Cultures \u00e0 Calavi (LABODYCAL) dirig\u00e9 par le Professeur Flavien GBETO, il fut traducteur de la langue f\u0254ngb\u00e8 de la Direction de l\u2019Alphab\u00e9tisation et de l\u2019Education des Adultes (DAEA) de 2014 \u00e0 2016 et membre de l\u2019\u00e9quipe de traduction de la Bible en langue maxi\u0301 en 2016. Il re\u00e7ut le prix du jury au concours d\u2019innovation scientifique et p\u00e9dagogique en langues b\u00e9ninoises en 2015 et le prix du meilleur orateur de la langue f\u0254ngb\u00e8 de l\u2019ONG Sang9 en 2017. Chercheur sp\u00e9cialis\u00e9 en oralit\u00e9, s\u00e9miologie, s\u00e9miotique textuelle et les cultures, Mahuton G\u00e9offroy DJESSOU assiste depuis 2018 son Directeur de Th\u00e8se de Doctorat, le Professeur Julien Koffi GBAGUIDI, dans les universit\u00e9s publiques et priv\u00e9es du B\u00e9nin. Il obtient brillamment son Doctorat dans le domaine des Lettres, Langues et Arts ; Mention : Sciences du Langage et de la Communication ; Sp\u00e9cialit\u00e9 : Didactique des Langues et Cultures \u00e0 l\u2019Ecole Doctorale Pluridisciplinaire \u00ab Espaces, Cultures et D\u00e9veloppement \u00bb de l\u2019Universit\u00e9 d\u2019Abomey-Calavi<span class=\"Apple-converted-space\">\u00a0 <\/span>devant un jury international, le 30 avril 2021, avec la mention Tr\u00e8s Honorable.<\/p>\n","protected":false},"excerpt":{"rendered":"<p>Les 366 pr\u00e9noms de ce lexique ont \u00e9t\u00e9 s\u00e9lectionn\u00e9s \u00e0 partir de 1800 pr\u00e9noms de l\u2019\u00e8re socio-culturelle f\u0254n et maxi\u0301 que l\u2019auteur a repertori\u00e9s sur une dur\u00e9e de 7 ans. C\u2019est apr\u00e8s cela qu\u2019il a \u00e9limin\u00e9 588 pr\u00e9noms pour ne retenir que 1212 parce qu\u2019il est conscient que les pr\u00e9noms influencent positivement ou n\u00e9gativement les \u00eatres humains et que tout pr\u00e9nom doit \u00eatre r\u00e9fl\u00e9chi socialement, culturellement et m\u00eame spirituellement avant que quelqu\u2019un ne le porte. C\u2019est pourquoi, \u00e0 partir du r\u00e9pertoire de 1212 pr\u00e9noms f\u0254n retenus, 366 pr\u00e9noms correspondant \u00e0 chacun des 366 jours de l\u2019ann\u00e9e ont \u00e9t\u00e9 s\u00e9lectionn\u00e9s pour r\u00e9v\u00e9ler 366 messages d\u2019ordres social, culturel et surtout spirituel. Le lexique de 366 pr\u00e9noms kamites ( f\u0254n ) permet de donner un pr\u00e9nom f\u0254n ou maxi\u0301 \u00e0 une personne selon son jour de naissance. Il est le reflet de la culture africaine et sera un compagnon pour tous.<\/p>\n","protected":false},"featured_media":2074,"comment_status":"open","ping_status":"closed","template":"","meta":{"_mi_skip_tracking":false,"_monsterinsights_sitenote_active":false,"_monsterinsights_sitenote_note":"","_monsterinsights_sitenote_category":0},"product_cat":[75],"product_tag":[],"acf":[],"yoast_head":"<!-- This site is optimized with the Yoast SEO Premium plugin v16.8 (Yoast SEO v21.5) - https:\/\/yoast.com\/wordpress\/plugins\/seo\/ -->\n<title>Lexique de 366 pr\u00e9noms kamites (fon)<\/title>\n<meta name=\"description\" content=\"D\u00e9couvrez le lexique de 366 pr\u00e9noms kamites (f\u0254n). Des pr\u00e9noms africains tir\u00e9s de la langue f\u0254n avec des documents sonores.\" \/>\n<meta name=\"robots\" content=\"index, follow, max-snippet:-1, max-image-preview:large, max-video-preview:-1\" \/>\n<link rel=\"canonical\" href=\"https:\/\/afrilangues.com\/boutique\/product\/lexique-de-366-prenoms-kamites-f\u0254n\/\" \/>\n<meta property=\"og:locale\" content=\"fr_FR\" \/>\n<meta property=\"og:type\" content=\"article\" \/>\n<meta property=\"og:title\" content=\"Lexique de 366 pr\u00e9noms kamites (fon) - EBOOK\" \/>\n<meta property=\"og:description\" content=\"D\u00e9couvrez le lexique de 366 pr\u00e9noms kamites (f\u0254n). Des pr\u00e9noms africains tir\u00e9s de la langue f\u0254n avec des documents sonores.\" \/>\n<meta property=\"og:url\" content=\"https:\/\/afrilangues.com\/boutique\/product\/lexique-de-366-prenoms-kamites-f\u0254n\/\" \/>\n<meta property=\"og:site_name\" content=\"Afrilangues\" \/>\n<meta property=\"article:publisher\" content=\"https:\/\/facebook.com\/afrilangues\/\" \/>\n<meta property=\"article:modified_time\" content=\"2022-10-07T09:24:34+00:00\" \/>\n<meta property=\"og:image\" content=\"https:\/\/mlxltcnvapql.i.optimole.com\/w:auto\/h:auto\/q:mauto\/f:best\/https:\/\/afrilangues.com\/boutique\/wp-content\/uploads\/2022\/02\/366_prenoms_kamites_fon_afrilangues5-1.jpg\" \/>\n\t<meta property=\"og:image:width\" content=\"1785\" \/>\n\t<meta property=\"og:image:height\" content=\"2556\" \/>\n\t<meta property=\"og:image:type\" content=\"image\/jpeg\" \/>\n<meta name=\"twitter:card\" content=\"summary_large_image\" \/>\n<meta name=\"twitter:label1\" content=\"Prix\" \/>\n\t<meta name=\"twitter:data1\" content=\"&euro;10.50\" \/>\n\t<meta name=\"twitter:label2\" content=\"Availability\" \/>\n\t<meta name=\"twitter:data2\" content=\"In stock\" \/>\n<script type=\"application\/ld+json\" class=\"yoast-schema-graph\">{\"@context\":\"https:\/\/schema.org\",\"@graph\":[{\"@type\":\"WebPage\",\"@id\":\"https:\/\/afrilangues.com\/boutique\/product\/lexique-de-366-prenoms-kamites-f%c9%94n\/\",\"url\":\"https:\/\/afrilangues.com\/boutique\/product\/lexique-de-366-prenoms-kamites-f%c9%94n\/\",\"name\":\"Lexique de 366 pr\u00e9noms kamites (fon)\",\"isPartOf\":{\"@id\":\"https:\/\/afrilangues.com\/boutique\/#website\"},\"datePublished\":\"2022-02-16T14:19:14+00:00\",\"dateModified\":\"2022-10-07T09:24:34+00:00\",\"description\":\"D\u00e9couvrez le lexique de 366 pr\u00e9noms kamites (f\u0254n). Des pr\u00e9noms africains tir\u00e9s de la langue f\u0254n avec des documents sonores.\",\"breadcrumb\":{\"@id\":\"https:\/\/afrilangues.com\/boutique\/product\/lexique-de-366-prenoms-kamites-f%c9%94n\/#breadcrumb\"},\"inLanguage\":\"fr-FR\",\"potentialAction\":[{\"@type\":\"ReadAction\",\"target\":[\"https:\/\/afrilangues.com\/boutique\/product\/lexique-de-366-prenoms-kamites-f%c9%94n\/\"]}]},{\"@type\":\"BreadcrumbList\",\"@id\":\"https:\/\/afrilangues.com\/boutique\/product\/lexique-de-366-prenoms-kamites-f%c9%94n\/#breadcrumb\",\"itemListElement\":[{\"@type\":\"ListItem\",\"position\":1,\"name\":\"Home\",\"item\":\"https:\/\/afrilangues.com\/boutique\/\"},{\"@type\":\"ListItem\",\"position\":2,\"name\":\"Produits\",\"item\":\"https:\/\/afrilangues.com\/boutique\/shop\/\"},{\"@type\":\"ListItem\",\"position\":3,\"name\":\"Lexique de 366 pr\u00e9noms kamites (fon) &#8211; EBOOK\"}]},{\"@type\":\"WebSite\",\"@id\":\"https:\/\/afrilangues.com\/boutique\/#website\",\"url\":\"https:\/\/afrilangues.com\/boutique\/\",\"name\":\"Afrilangues\",\"description\":\"COURS DE LANGUES AFRICAINES \/ APPRENDRE UNE LANGUE AFRICAINE\",\"publisher\":{\"@id\":\"https:\/\/afrilangues.com\/boutique\/#organization\"},\"potentialAction\":[{\"@type\":\"SearchAction\",\"target\":{\"@type\":\"EntryPoint\",\"urlTemplate\":\"https:\/\/afrilangues.com\/boutique\/?s={search_term_string}\"},\"query-input\":\"required name=search_term_string\"}],\"inLanguage\":\"fr-FR\"},{\"@type\":[\"Organization\",\"Place\",\"School\"],\"@id\":\"https:\/\/afrilangues.com\/boutique\/#organization\",\"name\":\"AFRILANGUES\",\"url\":\"https:\/\/afrilangues.com\/boutique\/\",\"logo\":{\"@id\":\"https:\/\/afrilangues.com\/boutique\/product\/lexique-de-366-prenoms-kamites-f%c9%94n\/#local-main-organization-logo\"},\"image\":{\"@id\":\"https:\/\/afrilangues.com\/boutique\/product\/lexique-de-366-prenoms-kamites-f%c9%94n\/#local-main-organization-logo\"},\"sameAs\":[\"https:\/\/facebook.com\/afrilangues\/\",\"https:\/\/www.instagram.com\/afrilangues\/?hl=fr\",\"https:\/\/www.pinterest.fr\/afrilangues\/\",\"https:\/\/www.youtube.com\/channel\/UCeB4UPA38S2hscm54e9gvhg\/featured\"],\"address\":{\"@id\":\"https:\/\/afrilangues.com\/boutique\/product\/lexique-de-366-prenoms-kamites-f%c9%94n\/#local-main-place-address\"},\"telephone\":[\"0658485313\"],\"openingHoursSpecification\":[{\"@type\":\"OpeningHoursSpecification\",\"dayOfWeek\":[\"Monday\",\"Tuesday\",\"Thursday\",\"Friday\",\"Saturday\"],\"opens\":\"09:00\",\"closes\":\"18:45\"},{\"@type\":\"OpeningHoursSpecification\",\"dayOfWeek\":[\"Wednesday\"],\"opens\":\"09:00\",\"closes\":\"17:00\"},{\"@type\":\"OpeningHoursSpecification\",\"dayOfWeek\":[\"Sunday\"],\"opens\":\"11:00\",\"closes\":\"18:45\"}],\"email\":\"contact@afrilangues.com\"},{\"@type\":\"PostalAddress\",\"@id\":\"https:\/\/afrilangues.com\/boutique\/product\/lexique-de-366-prenoms-kamites-f%c9%94n\/#local-main-place-address\",\"streetAddress\":\"17, Rue H\u00e9rold\",\"addressLocality\":\"Paris\",\"postalCode\":\"75001\",\"addressRegion\":\"France\",\"addressCountry\":\"FR\"},{\"@type\":\"ImageObject\",\"inLanguage\":\"fr-FR\",\"@id\":\"https:\/\/afrilangues.com\/boutique\/product\/lexique-de-366-prenoms-kamites-f%c9%94n\/#local-main-organization-logo\",\"url\":\"https:\/\/mlxltcnvapql.i.optimole.com\/w:auto\/h:auto\/q:mauto\/f:best\/https:\/\/afrilangues.com\/boutique\/wp-content\/uploads\/2021\/07\/Logo-Afrilangues-app_mini.png\",\"contentUrl\":\"https:\/\/mlxltcnvapql.i.optimole.com\/w:auto\/h:auto\/q:mauto\/f:best\/https:\/\/afrilangues.com\/boutique\/wp-content\/uploads\/2021\/07\/Logo-Afrilangues-app_mini.png\",\"width\":67,\"height\":72,\"caption\":\"AFRILANGUES\"}]}<\/script>\n<meta property=\"product:price:amount\" content=\"10.50\" \/>\n<meta property=\"product:price:currency\" content=\"EUR\" \/>\n<meta property=\"og:availability\" content=\"instock\" \/>\n<meta property=\"product:availability\" content=\"instock\" \/>\n<meta property=\"product:condition\" content=\"new\" \/>\n<meta name=\"geo.placename\" content=\"Paris\" \/>\n<meta name=\"geo.region\" content=\"France\" \/>\n<!-- \/ Yoast SEO Premium plugin. -->","yoast_head_json":{"title":"Lexique de 366 pr\u00e9noms kamites (fon)","description":"D\u00e9couvrez le lexique de 366 pr\u00e9noms kamites (f\u0254n). Des pr\u00e9noms africains tir\u00e9s de la langue f\u0254n avec des documents sonores.","robots":{"index":"index","follow":"follow","max-snippet":"max-snippet:-1","max-image-preview":"max-image-preview:large","max-video-preview":"max-video-preview:-1"},"canonical":"https:\/\/afrilangues.com\/boutique\/product\/lexique-de-366-prenoms-kamites-f\u0254n\/","og_locale":"fr_FR","og_type":"article","og_title":"Lexique de 366 pr\u00e9noms kamites (fon) - EBOOK","og_description":"D\u00e9couvrez le lexique de 366 pr\u00e9noms kamites (f\u0254n). Des pr\u00e9noms africains tir\u00e9s de la langue f\u0254n avec des documents sonores.","og_url":"https:\/\/afrilangues.com\/boutique\/product\/lexique-de-366-prenoms-kamites-f\u0254n\/","og_site_name":"Afrilangues","article_publisher":"https:\/\/facebook.com\/afrilangues\/","article_modified_time":"2022-10-07T09:24:34+00:00","og_image":[{"width":1785,"height":2556,"url":"https:\/\/mlxltcnvapql.i.optimole.com\/w:auto\/h:auto\/q:mauto\/f:best\/https:\/\/afrilangues.com\/boutique\/wp-content\/uploads\/2022\/02\/366_prenoms_kamites_fon_afrilangues5-1.jpg","type":"image\/jpeg"}],"twitter_card":"summary_large_image","twitter_misc":{"Prix":"&euro;10.50","Availability":"In stock"},"schema":{"@context":"https:\/\/schema.org","@graph":[{"@type":"WebPage","@id":"https:\/\/afrilangues.com\/boutique\/product\/lexique-de-366-prenoms-kamites-f%c9%94n\/","url":"https:\/\/afrilangues.com\/boutique\/product\/lexique-de-366-prenoms-kamites-f%c9%94n\/","name":"Lexique de 366 pr\u00e9noms kamites (fon)","isPartOf":{"@id":"https:\/\/afrilangues.com\/boutique\/#website"},"datePublished":"2022-02-16T14:19:14+00:00","dateModified":"2022-10-07T09:24:34+00:00","description":"D\u00e9couvrez le lexique de 366 pr\u00e9noms kamites (f\u0254n). Des pr\u00e9noms africains tir\u00e9s de la langue f\u0254n avec des documents sonores.","breadcrumb":{"@id":"https:\/\/afrilangues.com\/boutique\/product\/lexique-de-366-prenoms-kamites-f%c9%94n\/#breadcrumb"},"inLanguage":"fr-FR","potentialAction":[{"@type":"ReadAction","target":["https:\/\/afrilangues.com\/boutique\/product\/lexique-de-366-prenoms-kamites-f%c9%94n\/"]}]},{"@type":"BreadcrumbList","@id":"https:\/\/afrilangues.com\/boutique\/product\/lexique-de-366-prenoms-kamites-f%c9%94n\/#breadcrumb","itemListElement":[{"@type":"ListItem","position":1,"name":"Home","item":"https:\/\/afrilangues.com\/boutique\/"},{"@type":"ListItem","position":2,"name":"Produits","item":"https:\/\/afrilangues.com\/boutique\/shop\/"},{"@type":"ListItem","position":3,"name":"Lexique de 366 pr\u00e9noms kamites (fon) &#8211; EBOOK"}]},{"@type":"WebSite","@id":"https:\/\/afrilangues.com\/boutique\/#website","url":"https:\/\/afrilangues.com\/boutique\/","name":"Afrilangues","description":"COURS DE LANGUES AFRICAINES \/ APPRENDRE UNE LANGUE AFRICAINE","publisher":{"@id":"https:\/\/afrilangues.com\/boutique\/#organization"},"potentialAction":[{"@type":"SearchAction","target":{"@type":"EntryPoint","urlTemplate":"https:\/\/afrilangues.com\/boutique\/?s={search_term_string}"},"query-input":"required name=search_term_string"}],"inLanguage":"fr-FR"},{"@type":["Organization","Place","School"],"@id":"https:\/\/afrilangues.com\/boutique\/#organization","name":"AFRILANGUES","url":"https:\/\/afrilangues.com\/boutique\/","logo":{"@id":"https:\/\/afrilangues.com\/boutique\/product\/lexique-de-366-prenoms-kamites-f%c9%94n\/#local-main-organization-logo"},"image":{"@id":"https:\/\/afrilangues.com\/boutique\/product\/lexique-de-366-prenoms-kamites-f%c9%94n\/#local-main-organization-logo"},"sameAs":["https:\/\/facebook.com\/afrilangues\/","https:\/\/www.instagram.com\/afrilangues\/?hl=fr","https:\/\/www.pinterest.fr\/afrilangues\/","https:\/\/www.youtube.com\/channel\/UCeB4UPA38S2hscm54e9gvhg\/featured"],"address":{"@id":"https:\/\/afrilangues.com\/boutique\/product\/lexique-de-366-prenoms-kamites-f%c9%94n\/#local-main-place-address"},"telephone":["0658485313"],"openingHoursSpecification":[{"@type":"OpeningHoursSpecification","dayOfWeek":["Monday","Tuesday","Thursday","Friday","Saturday"],"opens":"09:00","closes":"18:45"},{"@type":"OpeningHoursSpecification","dayOfWeek":["Wednesday"],"opens":"09:00","closes":"17:00"},{"@type":"OpeningHoursSpecification","dayOfWeek":["Sunday"],"opens":"11:00","closes":"18:45"}],"email":"contact@afrilangues.com"},{"@type":"PostalAddress","@id":"https:\/\/afrilangues.com\/boutique\/product\/lexique-de-366-prenoms-kamites-f%c9%94n\/#local-main-place-address","streetAddress":"17, Rue H\u00e9rold","addressLocality":"Paris","postalCode":"75001","addressRegion":"France","addressCountry":"FR"},{"@type":"ImageObject","inLanguage":"fr-FR","@id":"https:\/\/afrilangues.com\/boutique\/product\/lexique-de-366-prenoms-kamites-f%c9%94n\/#local-main-organization-logo","url":"https:\/\/mlxltcnvapql.i.optimole.com\/w:auto\/h:auto\/q:mauto\/f:best\/https:\/\/afrilangues.com\/boutique\/wp-content\/uploads\/2021\/07\/Logo-Afrilangues-app_mini.png","contentUrl":"https:\/\/mlxltcnvapql.i.optimole.com\/w:auto\/h:auto\/q:mauto\/f:best\/https:\/\/afrilangues.com\/boutique\/wp-content\/uploads\/2021\/07\/Logo-Afrilangues-app_mini.png","width":67,"height":72,"caption":"AFRILANGUES"}]},"product_price_amount":"10.50","product_price_currency":"EUR","og_availability":"instock","product_availability":"instock","product_condition":"new","geo.placename":"Paris","geo.region":"France"},"_links":{"self":[{"href":"https:\/\/afrilangues.com\/boutique\/wp-json\/wp\/v2\/product\/2064"}],"collection":[{"href":"https:\/\/afrilangues.com\/boutique\/wp-json\/wp\/v2\/product"}],"about":[{"href":"https:\/\/afrilangues.com\/boutique\/wp-json\/wp\/v2\/types\/product"}],"replies":[{"embeddable":true,"href":"https:\/\/afrilangues.com\/boutique\/wp-json\/wp\/v2\/comments?post=2064"}],"version-history":[{"count":3,"href":"https:\/\/afrilangues.com\/boutique\/wp-json\/wp\/v2\/product\/2064\/revisions"}],"predecessor-version":[{"id":5212,"href":"https:\/\/afrilangues.com\/boutique\/wp-json\/wp\/v2\/product\/2064\/revisions\/5212"}],"wp:featuredmedia":[{"embeddable":true,"href":"https:\/\/afrilangues.com\/boutique\/wp-json\/wp\/v2\/media\/2074"}],"wp:attachment":[{"href":"https:\/\/afrilangues.com\/boutique\/wp-json\/wp\/v2\/media?parent=2064"}],"wp:term":[{"taxonomy":"product_cat","embeddable":true,"href":"https:\/\/afrilangues.com\/boutique\/wp-json\/wp\/v2\/product_cat?post=2064"},{"taxonomy":"product_tag","embeddable":true,"href":"https:\/\/afrilangues.com\/boutique\/wp-json\/wp\/v2\/product_tag?post=2064"}],"curies":[{"name":"wp","href":"https:\/\/api.w.org\/{rel}","templated":true}]}}