{"id":5506,"date":"2022-12-20T16:17:25","date_gmt":"2022-12-20T16:17:25","guid":{"rendered":"https:\/\/afrilangues.com\/boutique\/?page_id=5506"},"modified":"2022-12-20T17:05:14","modified_gmt":"2022-12-20T17:05:14","slug":"devis","status":"publish","type":"page","link":"https:\/\/afrilangues.com\/boutique\/devis\/","title":{"rendered":"devis"},"content":{"rendered":"\t\t<div data-elementor-type=\"wp-page\" data-elementor-id=\"5506\" class=\"elementor elementor-5506\" data-elementor-post-type=\"page\">\n\t\t\t\t\t\t\t\t\t<section class=\"elementor-section elementor-top-section elementor-element elementor-element-a85c56e elementor-section-boxed elementor-section-height-default elementor-section-height-default\" data-id=\"a85c56e\" data-element_type=\"section\" data-settings=\"{&quot;_ha_eqh_enable&quot;:false}\">\n\t\t\t\t\t\t<div class=\"elementor-container elementor-column-gap-default\">\n\t\t\t\t\t<div class=\"elementor-column elementor-col-100 elementor-top-column elementor-element elementor-element-a5ee9ec\" data-id=\"a5ee9ec\" data-element_type=\"column\">\n\t\t\t<div class=\"elementor-widget-wrap elementor-element-populated\">\n\t\t\t\t\t\t\t\t<div class=\"elementor-element elementor-element-3ab0a60 elementor-widget elementor-widget-heading\" data-id=\"3ab0a60\" data-element_type=\"widget\" data-widget_type=\"heading.default\">\n\t\t\t\t<div class=\"elementor-widget-container\">\n\t\t\t<h2 class=\"elementor-heading-title elementor-size-default\">CONTACTEZ-NOUS <\/h2>\t\t<\/div>\n\t\t\t\t<\/div>\n\t\t\t\t<div class=\"elementor-element elementor-element-2c5c6ec elementor-button-align-center elementor-widget elementor-widget-form\" data-id=\"2c5c6ec\" data-element_type=\"widget\" data-settings=\"{&quot;step_next_label&quot;:&quot;Next&quot;,&quot;step_previous_label&quot;:&quot;Previous&quot;,&quot;step_type&quot;:&quot;number_text&quot;,&quot;step_icon_shape&quot;:&quot;circle&quot;}\" data-widget_type=\"form.default\">\n\t\t\t\t<div class=\"elementor-widget-container\">\n\t\t\t\t\t<form class=\"elementor-form\" method=\"post\" name=\"DEMANDE DE DEVIS\">\n\t\t\t<input type=\"hidden\" name=\"post_id\" value=\"5506\"\/>\n\t\t\t<input type=\"hidden\" name=\"form_id\" value=\"2c5c6ec\"\/>\n\t\t\t<input type=\"hidden\" name=\"referer_title\" value=\"Afrilangues\" \/>\n\n\t\t\t\n\t\t\t<div class=\"elementor-form-fields-wrapper elementor-labels-above\">\n\t\t\t\t\t\t\t\t<div class=\"elementor-field-type-select elementor-field-group elementor-column elementor-field-group-name elementor-col-100 elementor-field-required\">\n\t\t\t\t\t\t\t\t\t\t\t\t<label for=\"form-field-name\" class=\"elementor-field-label\">\n\t\t\t\t\t\t\t\tVOUS \u00caTES\t\t\t\t\t\t\t<\/label>\n\t\t\t\t\t\t\t\t<div class=\"elementor-field elementor-select-wrapper remove-before \">\n\t\t\t<div class=\"select-caret-down-wrapper\">\n\t\t\t\t<i aria-hidden=\"true\" class=\"eicon-caret-down\"><\/i>\t\t\t<\/div>\n\t\t\t<select name=\"form_fields[name]\" id=\"form-field-name\" class=\"elementor-field-textual elementor-size-md\" required=\"required\" aria-required=\"true\">\n\t\t\t\t\t\t\t\t\t<option value=\"UNE ASSOCIATION\">UNE ASSOCIATION<\/option>\n\t\t\t\t\t\t\t\t\t<option value=\"UNE ENTREPRISE PRIV\u00c9E\">UNE ENTREPRISE PRIV\u00c9E<\/option>\n\t\t\t\t\t\t\t\t\t<option value=\"UN SERVICE PUBLIC\">UN SERVICE PUBLIC<\/option>\n\t\t\t\t\t\t\t\t\t<option value=\"AUTRE\">AUTRE<\/option>\n\t\t\t\t\t\t\t<\/select>\n\t\t<\/div>\n\t\t\t\t\t\t<\/div>\n\t\t\t\t\t\t\t\t<div class=\"elementor-field-type-email elementor-field-group elementor-column elementor-field-group-email elementor-col-100 elementor-field-required\">\n\t\t\t\t\t\t\t\t\t\t\t\t<label for=\"form-field-email\" class=\"elementor-field-label\">\n\t\t\t\t\t\t\t\tNOM DE VOTRE STRUCTURE\t\t\t\t\t\t\t<\/label>\n\t\t\t\t\t\t\t\t\t\t\t\t\t\t<input size=\"1\" type=\"email\" name=\"form_fields[email]\" id=\"form-field-email\" class=\"elementor-field elementor-size-md  elementor-field-textual\" placeholder=\"Raison sociale\" required=\"required\" aria-required=\"true\">\n\t\t\t\t\t\t\t\t\t\t\t<\/div>\n\t\t\t\t\t\t\t\t<div class=\"elementor-field-type-email elementor-field-group elementor-column elementor-field-group-field_6cf12b2 elementor-col-100 elementor-field-required\">\n\t\t\t\t\t\t\t\t\t\t\t\t<label for=\"form-field-field_6cf12b2\" class=\"elementor-field-label\">\n\t\t\t\t\t\t\t\tVOTRE NOM ET PR\u00c9NOM\t\t\t\t\t\t\t<\/label>\n\t\t\t\t\t\t\t\t\t\t\t\t\t\t<input size=\"1\" type=\"email\" name=\"form_fields[field_6cf12b2]\" id=\"form-field-field_6cf12b2\" class=\"elementor-field elementor-size-md  elementor-field-textual\" placeholder=\"Je m&#039;appelle...\" required=\"required\" aria-required=\"true\">\n\t\t\t\t\t\t\t\t\t\t\t<\/div>\n\t\t\t\t\t\t\t\t<div class=\"elementor-field-type-email elementor-field-group elementor-column elementor-field-group-field_b00f5b9 elementor-col-100 elementor-field-required\">\n\t\t\t\t\t\t\t\t\t\t\t\t<label for=\"form-field-field_b00f5b9\" class=\"elementor-field-label\">\n\t\t\t\t\t\t\t\tEmail\t\t\t\t\t\t\t<\/label>\n\t\t\t\t\t\t\t\t\t\t\t\t\t\t<input size=\"1\" type=\"email\" name=\"form_fields[field_b00f5b9]\" id=\"form-field-field_b00f5b9\" class=\"elementor-field elementor-size-md  elementor-field-textual\" placeholder=\"Email\" required=\"required\" aria-required=\"true\">\n\t\t\t\t\t\t\t\t\t\t\t<\/div>\n\t\t\t\t\t\t\t\t<div class=\"elementor-field-type-email elementor-field-group elementor-column elementor-field-group-field_a5cd45f elementor-col-100 elementor-field-required\">\n\t\t\t\t\t\t\t\t\t\t\t\t<label for=\"form-field-field_a5cd45f\" class=\"elementor-field-label\">\n\t\t\t\t\t\t\t\tVOTRE NUM\u00c9RO DE T\u00c9L\u00c9PHONE\t\t\t\t\t\t\t<\/label>\n\t\t\t\t\t\t\t\t\t\t\t\t\t\t<input size=\"1\" type=\"email\" name=\"form_fields[field_a5cd45f]\" id=\"form-field-field_a5cd45f\" class=\"elementor-field elementor-size-md  elementor-field-textual\" placeholder=\"Mon num\u00e9ro est le suivant :\" required=\"required\" aria-required=\"true\">\n\t\t\t\t\t\t\t\t\t\t\t<\/div>\n\t\t\t\t\t\t\t\t<div class=\"elementor-field-type-checkbox elementor-field-group elementor-column elementor-field-group-field_383f7bf elementor-col-100\">\n\t\t\t\t\t\t\t\t\t\t\t\t<label for=\"form-field-field_383f7bf\" class=\"elementor-field-label\">\n\t\t\t\t\t\t\t\tVOUS \u00caTES INT\u00c9FRESS\u00c9 PAR LEQUEL DE NOS SERVICES ?\t\t\t\t\t\t\t<\/label>\n\t\t\t\t\t\t<div class=\"elementor-field-subgroup  \"><span class=\"elementor-field-option\"><input type=\"checkbox\" value=\"INTERPR\u00c9TARIAT PAR T\u00c9L\u00c9PHONE\" id=\"form-field-field_383f7bf-0\" name=\"form_fields[field_383f7bf][]\"> <label for=\"form-field-field_383f7bf-0\">INTERPR\u00c9TARIAT PAR T\u00c9L\u00c9PHONE<\/label><\/span><span class=\"elementor-field-option\"><input type=\"checkbox\" value=\"INTERPR\u00c9TARIAT PAR D\u00c9PLACEMENT\" id=\"form-field-field_383f7bf-1\" name=\"form_fields[field_383f7bf][]\"> <label for=\"form-field-field_383f7bf-1\">INTERPR\u00c9TARIAT PAR D\u00c9PLACEMENT<\/label><\/span><span class=\"elementor-field-option\"><input type=\"checkbox\" value=\"TRADUCTION DE DOCUMENT\" id=\"form-field-field_383f7bf-2\" name=\"form_fields[field_383f7bf][]\"> <label for=\"form-field-field_383f7bf-2\">TRADUCTION DE DOCUMENT<\/label><\/span><span class=\"elementor-field-option\"><input type=\"checkbox\" value=\"TRADUCTION SUPPORT AUDIOVISUEL\" id=\"form-field-field_383f7bf-3\" name=\"form_fields[field_383f7bf][]\"> <label for=\"form-field-field_383f7bf-3\">TRADUCTION SUPPORT AUDIOVISUEL<\/label><\/span><\/div>\t\t\t\t<\/div>\n\t\t\t\t\t\t\t\t<div class=\"elementor-field-type-textarea elementor-field-group elementor-column elementor-field-group-message elementor-col-100\">\n\t\t\t\t\t\t\t\t\t\t\t\t<label for=\"form-field-message\" class=\"elementor-field-label\">\n\t\t\t\t\t\t\t\tMessage\t\t\t\t\t\t\t<\/label>\n\t\t\t\t\t\t<textarea class=\"elementor-field-textual elementor-field  elementor-size-md\" name=\"form_fields[message]\" id=\"form-field-message\" rows=\"4\" placeholder=\"Message\"><\/textarea>\t\t\t\t<\/div>\n\t\t\t\t\t\t\t\t<div class=\"elementor-field-type-acceptance elementor-field-group elementor-column elementor-field-group-field_1632eb2 elementor-col-100\">\n\t\t\t\t\t\t\t\t\t\t\t\t<label for=\"form-field-field_1632eb2\" class=\"elementor-field-label\">\n\t\t\t\t\t\t\t\tAcceptation de politique de donn\u00e9es\t\t\t\t\t\t\t<\/label>\n\t\t\t\t\t\t\t\t<div class=\"elementor-field-subgroup\">\n\t\t\t<span class=\"elementor-field-option\">\n\t\t\t\t<input type=\"checkbox\" name=\"form_fields[field_1632eb2]\" id=\"form-field-field_1632eb2\" class=\"elementor-field elementor-size-md  elementor-acceptance-field\">\n\t\t\t\t<label for=\"form-field-field_1632eb2\">En validant votre demande, je prends connaissance et j\u2019accepte la politique de donn\u00e9es.<\/label>\t\t\t<\/span>\n\t\t<\/div>\n\t\t\t\t\t\t<\/div>\n\t\t\t\t\t\t\t\t<div class=\"elementor-field-type-recaptcha elementor-field-group elementor-column elementor-field-group-field_60570d9 elementor-col-100\">\n\t\t\t\t\t<div class=\"elementor-field\" id=\"form-field-field_60570d9\"><div class=\"elementor-g-recaptcha\" data-sitekey=\"6LfBhFwgAAAAAAsbcFFIpUGw5ywU54wh9fqHmOrO\" data-type=\"v2_checkbox\" data-theme=\"light\" data-size=\"normal\"><\/div><\/div>\t\t\t\t<\/div>\n\t\t\t\t\t\t\t\t<div class=\"elementor-field-group elementor-column elementor-field-type-submit elementor-col-100 e-form__buttons\">\n\t\t\t\t\t<button type=\"submit\" class=\"elementor-button elementor-size-sm\">\n\t\t\t\t\t\t<span >\n\t\t\t\t\t\t\t\t\t\t\t\t\t\t\t<span class=\" elementor-button-icon\">\n\t\t\t\t\t\t\t\t\t\t\t\t\t\t\t\t\t\t\t\t\t\t\t\t\t\t<\/span>\n\t\t\t\t\t\t\t\t\t\t\t\t\t\t\t\t\t\t\t\t\t\t<span class=\"elementor-button-text\">ENVOYER<\/span>\n\t\t\t\t\t\t\t\t\t\t\t\t\t<\/span>\n\t\t\t\t\t<\/button>\n\t\t\t\t<\/div>\n\t\t\t<\/div>\n\t\t<\/form>\n\t\t\t\t<\/div>\n\t\t\t\t<\/div>\n\t\t\t\t\t<\/div>\n\t\t<\/div>\n\t\t\t\t\t\t\t<\/div>\n\t\t<\/section>\n\t\t\t\t\t\t\t<\/div>\n\t\t","protected":false},"excerpt":{"rendered":"<p>CONTACTEZ-NOUS<\/p>\n","protected":false},"author":104,"featured_media":0,"parent":0,"menu_order":0,"comment_status":"closed","ping_status":"closed","template":"","meta":{"_mi_skip_tracking":false,"_monsterinsights_sitenote_active":false,"_monsterinsights_sitenote_note":"","_monsterinsights_sitenote_category":0,"footnotes":""},"acf":[],"yoast_head":"<!-- This site is optimized with the Yoast SEO Premium plugin v16.8 (Yoast SEO v21.5) - https:\/\/yoast.com\/wordpress\/plugins\/seo\/ -->\n<title>devis &#187; Afrilangues<\/title>\n<meta name=\"robots\" content=\"index, follow, max-snippet:-1, max-image-preview:large, max-video-preview:-1\" \/>\n<link rel=\"canonical\" href=\"https:\/\/afrilangues.com\/boutique\/devis\/\" \/>\n<meta property=\"og:locale\" content=\"fr_FR\" \/>\n<meta property=\"og:type\" content=\"article\" \/>\n<meta property=\"og:title\" content=\"devis\" \/>\n<meta property=\"og:description\" content=\"CONTACTEZ-NOUS\" \/>\n<meta property=\"og:url\" content=\"https:\/\/afrilangues.com\/boutique\/devis\/\" \/>\n<meta property=\"og:site_name\" content=\"Afrilangues\" \/>\n<meta property=\"article:publisher\" content=\"https:\/\/facebook.com\/afrilangues\/\" \/>\n<meta property=\"article:modified_time\" content=\"2022-12-20T17:05:14+00:00\" \/>\n<meta name=\"twitter:card\" content=\"summary_large_image\" \/>\n<meta name=\"twitter:label1\" content=\"Dur\u00e9e de lecture estim\u00e9e\" \/>\n\t<meta name=\"twitter:data1\" content=\"1 minute\" \/>\n<script type=\"application\/ld+json\" class=\"yoast-schema-graph\">{\"@context\":\"https:\/\/schema.org\",\"@graph\":[{\"@type\":\"WebPage\",\"@id\":\"https:\/\/afrilangues.com\/boutique\/devis\/\",\"url\":\"https:\/\/afrilangues.com\/boutique\/devis\/\",\"name\":\"devis &#187; Afrilangues\",\"isPartOf\":{\"@id\":\"https:\/\/afrilangues.com\/boutique\/#website\"},\"datePublished\":\"2022-12-20T16:17:25+00:00\",\"dateModified\":\"2022-12-20T17:05:14+00:00\",\"breadcrumb\":{\"@id\":\"https:\/\/afrilangues.com\/boutique\/devis\/#breadcrumb\"},\"inLanguage\":\"fr-FR\",\"potentialAction\":[{\"@type\":\"ReadAction\",\"target\":[\"https:\/\/afrilangues.com\/boutique\/devis\/\"]}]},{\"@type\":\"BreadcrumbList\",\"@id\":\"https:\/\/afrilangues.com\/boutique\/devis\/#breadcrumb\",\"itemListElement\":[{\"@type\":\"ListItem\",\"position\":1,\"name\":\"Home\",\"item\":\"https:\/\/afrilangues.com\/boutique\/\"},{\"@type\":\"ListItem\",\"position\":2,\"name\":\"devis\"}]},{\"@type\":\"WebSite\",\"@id\":\"https:\/\/afrilangues.com\/boutique\/#website\",\"url\":\"https:\/\/afrilangues.com\/boutique\/\",\"name\":\"Afrilangues\",\"description\":\"COURS DE LANGUES AFRICAINES \/ APPRENDRE UNE LANGUE AFRICAINE\",\"publisher\":{\"@id\":\"https:\/\/afrilangues.com\/boutique\/#organization\"},\"potentialAction\":[{\"@type\":\"SearchAction\",\"target\":{\"@type\":\"EntryPoint\",\"urlTemplate\":\"https:\/\/afrilangues.com\/boutique\/?s={search_term_string}\"},\"query-input\":\"required name=search_term_string\"}],\"inLanguage\":\"fr-FR\"},{\"@type\":[\"Organization\",\"Place\",\"School\"],\"@id\":\"https:\/\/afrilangues.com\/boutique\/#organization\",\"name\":\"AFRILANGUES\",\"url\":\"https:\/\/afrilangues.com\/boutique\/\",\"logo\":{\"@id\":\"https:\/\/afrilangues.com\/boutique\/devis\/#local-main-organization-logo\"},\"image\":{\"@id\":\"https:\/\/afrilangues.com\/boutique\/devis\/#local-main-organization-logo\"},\"sameAs\":[\"https:\/\/facebook.com\/afrilangues\/\",\"https:\/\/www.instagram.com\/afrilangues\/?hl=fr\",\"https:\/\/www.pinterest.fr\/afrilangues\/\",\"https:\/\/www.youtube.com\/channel\/UCeB4UPA38S2hscm54e9gvhg\/featured\"],\"address\":{\"@id\":\"https:\/\/afrilangues.com\/boutique\/devis\/#local-main-place-address\"},\"telephone\":[\"0658485313\"],\"openingHoursSpecification\":[{\"@type\":\"OpeningHoursSpecification\",\"dayOfWeek\":[\"Monday\",\"Tuesday\",\"Thursday\",\"Friday\",\"Saturday\"],\"opens\":\"09:00\",\"closes\":\"18:45\"},{\"@type\":\"OpeningHoursSpecification\",\"dayOfWeek\":[\"Wednesday\"],\"opens\":\"09:00\",\"closes\":\"17:00\"},{\"@type\":\"OpeningHoursSpecification\",\"dayOfWeek\":[\"Sunday\"],\"opens\":\"11:00\",\"closes\":\"18:45\"}],\"email\":\"contact@afrilangues.com\"},{\"@type\":\"PostalAddress\",\"@id\":\"https:\/\/afrilangues.com\/boutique\/devis\/#local-main-place-address\",\"streetAddress\":\"17, Rue H\u00e9rold\",\"addressLocality\":\"Paris\",\"postalCode\":\"75001\",\"addressRegion\":\"France\",\"addressCountry\":\"FR\"},{\"@type\":\"ImageObject\",\"inLanguage\":\"fr-FR\",\"@id\":\"https:\/\/afrilangues.com\/boutique\/devis\/#local-main-organization-logo\",\"url\":\"https:\/\/mlxltcnvapql.i.optimole.com\/w:auto\/h:auto\/q:mauto\/f:best\/https:\/\/afrilangues.com\/boutique\/wp-content\/uploads\/2021\/07\/Logo-Afrilangues-app_mini.png\",\"contentUrl\":\"https:\/\/mlxltcnvapql.i.optimole.com\/w:auto\/h:auto\/q:mauto\/f:best\/https:\/\/afrilangues.com\/boutique\/wp-content\/uploads\/2021\/07\/Logo-Afrilangues-app_mini.png\",\"width\":67,\"height\":72,\"caption\":\"AFRILANGUES\"}]}<\/script>\n<meta name=\"geo.placename\" content=\"Paris\" \/>\n<meta name=\"geo.region\" content=\"France\" \/>\n<!-- \/ Yoast SEO Premium plugin. -->","yoast_head_json":{"title":"devis &#187; Afrilangues","robots":{"index":"index","follow":"follow","max-snippet":"max-snippet:-1","max-image-preview":"max-image-preview:large","max-video-preview":"max-video-preview:-1"},"canonical":"https:\/\/afrilangues.com\/boutique\/devis\/","og_locale":"fr_FR","og_type":"article","og_title":"devis","og_description":"CONTACTEZ-NOUS","og_url":"https:\/\/afrilangues.com\/boutique\/devis\/","og_site_name":"Afrilangues","article_publisher":"https:\/\/facebook.com\/afrilangues\/","article_modified_time":"2022-12-20T17:05:14+00:00","twitter_card":"summary_large_image","twitter_misc":{"Dur\u00e9e de lecture estim\u00e9e":"1 minute"},"schema":{"@context":"https:\/\/schema.org","@graph":[{"@type":"WebPage","@id":"https:\/\/afrilangues.com\/boutique\/devis\/","url":"https:\/\/afrilangues.com\/boutique\/devis\/","name":"devis &#187; Afrilangues","isPartOf":{"@id":"https:\/\/afrilangues.com\/boutique\/#website"},"datePublished":"2022-12-20T16:17:25+00:00","dateModified":"2022-12-20T17:05:14+00:00","breadcrumb":{"@id":"https:\/\/afrilangues.com\/boutique\/devis\/#breadcrumb"},"inLanguage":"fr-FR","potentialAction":[{"@type":"ReadAction","target":["https:\/\/afrilangues.com\/boutique\/devis\/"]}]},{"@type":"BreadcrumbList","@id":"https:\/\/afrilangues.com\/boutique\/devis\/#breadcrumb","itemListElement":[{"@type":"ListItem","position":1,"name":"Home","item":"https:\/\/afrilangues.com\/boutique\/"},{"@type":"ListItem","position":2,"name":"devis"}]},{"@type":"WebSite","@id":"https:\/\/afrilangues.com\/boutique\/#website","url":"https:\/\/afrilangues.com\/boutique\/","name":"Afrilangues","description":"COURS DE LANGUES AFRICAINES \/ APPRENDRE UNE LANGUE AFRICAINE","publisher":{"@id":"https:\/\/afrilangues.com\/boutique\/#organization"},"potentialAction":[{"@type":"SearchAction","target":{"@type":"EntryPoint","urlTemplate":"https:\/\/afrilangues.com\/boutique\/?s={search_term_string}"},"query-input":"required name=search_term_string"}],"inLanguage":"fr-FR"},{"@type":["Organization","Place","School"],"@id":"https:\/\/afrilangues.com\/boutique\/#organization","name":"AFRILANGUES","url":"https:\/\/afrilangues.com\/boutique\/","logo":{"@id":"https:\/\/afrilangues.com\/boutique\/devis\/#local-main-organization-logo"},"image":{"@id":"https:\/\/afrilangues.com\/boutique\/devis\/#local-main-organization-logo"},"sameAs":["https:\/\/facebook.com\/afrilangues\/","https:\/\/www.instagram.com\/afrilangues\/?hl=fr","https:\/\/www.pinterest.fr\/afrilangues\/","https:\/\/www.youtube.com\/channel\/UCeB4UPA38S2hscm54e9gvhg\/featured"],"address":{"@id":"https:\/\/afrilangues.com\/boutique\/devis\/#local-main-place-address"},"telephone":["0658485313"],"openingHoursSpecification":[{"@type":"OpeningHoursSpecification","dayOfWeek":["Monday","Tuesday","Thursday","Friday","Saturday"],"opens":"09:00","closes":"18:45"},{"@type":"OpeningHoursSpecification","dayOfWeek":["Wednesday"],"opens":"09:00","closes":"17:00"},{"@type":"OpeningHoursSpecification","dayOfWeek":["Sunday"],"opens":"11:00","closes":"18:45"}],"email":"contact@afrilangues.com"},{"@type":"PostalAddress","@id":"https:\/\/afrilangues.com\/boutique\/devis\/#local-main-place-address","streetAddress":"17, Rue H\u00e9rold","addressLocality":"Paris","postalCode":"75001","addressRegion":"France","addressCountry":"FR"},{"@type":"ImageObject","inLanguage":"fr-FR","@id":"https:\/\/afrilangues.com\/boutique\/devis\/#local-main-organization-logo","url":"https:\/\/mlxltcnvapql.i.optimole.com\/w:auto\/h:auto\/q:mauto\/f:best\/https:\/\/afrilangues.com\/boutique\/wp-content\/uploads\/2021\/07\/Logo-Afrilangues-app_mini.png","contentUrl":"https:\/\/mlxltcnvapql.i.optimole.com\/w:auto\/h:auto\/q:mauto\/f:best\/https:\/\/afrilangues.com\/boutique\/wp-content\/uploads\/2021\/07\/Logo-Afrilangues-app_mini.png","width":67,"height":72,"caption":"AFRILANGUES"}]},"geo.placename":"Paris","geo.region":"France"},"_links":{"self":[{"href":"https:\/\/afrilangues.com\/boutique\/wp-json\/wp\/v2\/pages\/5506"}],"collection":[{"href":"https:\/\/afrilangues.com\/boutique\/wp-json\/wp\/v2\/pages"}],"about":[{"href":"https:\/\/afrilangues.com\/boutique\/wp-json\/wp\/v2\/types\/page"}],"author":[{"embeddable":true,"href":"https:\/\/afrilangues.com\/boutique\/wp-json\/wp\/v2\/users\/104"}],"replies":[{"embeddable":true,"href":"https:\/\/afrilangues.com\/boutique\/wp-json\/wp\/v2\/comments?post=5506"}],"version-history":[{"count":7,"href":"https:\/\/afrilangues.com\/boutique\/wp-json\/wp\/v2\/pages\/5506\/revisions"}],"predecessor-version":[{"id":5526,"href":"https:\/\/afrilangues.com\/boutique\/wp-json\/wp\/v2\/pages\/5506\/revisions\/5526"}],"wp:attachment":[{"href":"https:\/\/afrilangues.com\/boutique\/wp-json\/wp\/v2\/media?parent=5506"}],"curies":[{"name":"wp","href":"https:\/\/api.w.org\/{rel}","templated":true}]}}