{"id":370,"date":"2019-02-25T18:12:36","date_gmt":"2019-02-25T18:12:36","guid":{"rendered":"https:\/\/afrilangues.com\/blog\/?page_id=370"},"modified":"2019-07-26T16:25:14","modified_gmt":"2019-07-26T16:25:14","slug":"interpretariat-traduction","status":"publish","type":"page","link":"https:\/\/afrilangues.com\/blog\/interpretariat-traduction\/","title":{"rendered":"Interpr\u00e9tariat \/ Traduction"},"content":{"rendered":"<p>[et_pb_section fb_built=&#8221;1&#8243; _builder_version=&#8221;3.26.3&#8243; background_color=&#8221;#ededed&#8221; custom_padding=&#8221;0|0px|0|0px|false|false&#8221; custom_margin=&#8221;|0px||0px|false|false&#8221;][et_pb_row custom_padding=&#8221;62px|0px|62px|0px|true|false&#8221; make_equal=&#8221;on&#8221; module_class=&#8221; et_pb_row_fullwidth&#8221; _builder_version=&#8221;3.25&#8243; width_tablet=&#8221;80%&#8221; width_last_edited=&#8221;on|desktop&#8221; max_width=&#8221;89%&#8221; max_width_tablet=&#8221;80%&#8221; max_width_last_edited=&#8221;on|desktop&#8221; make_fullwidth=&#8221;on&#8221;][et_pb_column type=&#8221;4_4&#8243; _builder_version=&#8221;3.25&#8243; custom_padding=&#8221;|||&#8221; custom_padding__hover=&#8221;|||&#8221;][et_pb_tabs active_tab_background_color=&#8221;#ff6600&#8243; inactive_tab_background_color=&#8221;#ffffff&#8221; active_tab_text_color=&#8221;#ffffff&#8221; _builder_version=&#8221;3.23.2&#8243; tab_text_color=&#8221;#000000&#8243; body_font=&#8221;||||||||&#8221; tab_font=&#8221;|||on|||||&#8221; tab_font_size=&#8221;14px&#8221; tab_letter_spacing=&#8221;1px&#8221; tab_line_height=&#8221;4em&#8221; border_radii=&#8221;on|4px|4px|4px|4px&#8221; border_width_all=&#8221;0px&#8221; box_shadow_style=&#8221;preset1&#8243; box_shadow_blur=&#8221;3px&#8221; custom_padding=&#8221;42px|42px|42px|42px|true|true&#8221;][et_pb_tab title=&#8221;INTERPRETARIAT&#8221; _builder_version=&#8221;3.23.2&#8243; body_font=&#8221;||||||||&#8221; body_text_color=&#8221;#727272&#8243; body_font_size=&#8221;15px&#8221; tab_font=&#8221;|||on|||||&#8221;]<\/p>\n<h2 class=\"font_7\" style=\"text-align: center;\"><span style=\"text-decoration: underline; color: #000000;\"><strong>Besoin d\u2019interpr\u00e8tes dans une langue africaine?\u00a0<\/strong><\/span><\/h2>\n<p class=\"font_7\"><span style=\"color: #000000;\"><\/span><\/p>\n<p class=\"font_7\"><span style=\"color: #333333;\">Afrilangues vous propose un service d&#8217;interpr\u00e9tariat ou d&#8217;interpr\u00e9tation dans un maximum de langues africaines telles le bamanankan ou bambara, le sonink\u00e9 ou sarakol\u00e9, le peul, le wolof, le lingala, le swahili, l&#8217;amharique, le somali, le mina, le fon etc.\u00a0\u00a0<\/span><\/p>\n<p class=\"font_7\"><span style=\"color: #333333;\">Votre prestation sera assur\u00e9e par des locuteurs natifs, garantissant ainsi une interpr\u00e9tation fiable prenant en compte toute la dimension interculturelle.<\/span><\/p>\n<p class=\"font_7\"><span style=\"color: #333333;\"> Nous nous offrons les services d&#8217;interpr\u00e9tariat suivants:\u00a0<\/span><\/p>\n<p class=\"font_7\"><span style=\"color: #333333;\"><\/span><\/p>\n<ul>\n<li><span style=\"color: #ff6600;\"><strong>Interpr\u00e9tariat en langues africaines par t\u00e9l\u00e9phonique\u00a0<\/strong><strong><\/strong><\/span><\/li>\n<li><span style=\"color: #ff6600;\"><strong>Interpr\u00e9tariat en langues africaines par d\u00e9placement<\/strong><\/span><\/li>\n<li><span style=\"color: #ff6600;\"><strong>Interpr\u00e9tariat\u00a0 en langues africaines par visio-conf\u00e9rence<\/strong><\/span><\/li>\n<\/ul>\n<p>[\/et_pb_tab][et_pb_tab title=&#8221;TRADUCTION&#8221; _builder_version=&#8221;3.23.2&#8243; body_font=&#8221;||||||||&#8221; body_text_color=&#8221;#000000&#8243; body_font_size=&#8221;15px&#8221;]<\/p>\n<h1 class=\"font_7\" style=\"text-align: center;\"><strong>Besoin de traducteurs dans une langue africaine\u00a0?<\/strong><\/h1>\n<p><strong><\/strong><\/p>\n<p class=\"font_7\">Afrilangues vous offre un service de traduction de :<\/p>\n<ul>\n<li class=\"font_7\"><span style=\"color: #ff6600;\"><strong>Supports \u00e9crits<\/strong><\/span> (tout type de documents tels que des articles, des livres etc.)<\/li>\n<li class=\"font_7\"><span style=\"color: #ff6600;\"><strong>Supports audio ou vid\u00e9o<\/strong><\/span> (films, documentaires, courts m\u00e9trages)<\/li>\n<\/ul>\n<p class=\"font_7\">Nous vous garantissons une traduction qui colle au plus pr\u00e8s du texte original, tout en restant fid\u00e8le au sens, aux \u00e9l\u00e9ments de la culture et aux sentiments v\u00e9hicul\u00e9s par l\u2019auteur.\u00a0<span style=\"font-size: 14px;\">Elle sera assur\u00e9e par des traducteurs ayant pour langue maternelle la langue dont il est question dans ce texte. <\/span><\/p>\n<p class=\"font_7\"><span style=\"font-size: 14px; color: #000000;\">Afrilangues vous propose\u00a0 de traductions en langue bambara, sonink\u00e9, peul, wolof, amharique, mina, fon, dioula etc. vers une langue langue europ\u00e9enne telle le fran\u00e7ais, l&#8217;anglais\u00a0 ou inversement.\u00a0<\/span><\/p>\n<p>[\/et_pb_tab][et_pb_tab title=&#8221;SOUS-TITRAGE&#8221; _builder_version=&#8221;3.23.2&#8243; body_font=&#8221;||||||||&#8221; body_font_size=&#8221;15px&#8221;]<\/p>\n<p><span style=\"color: #000000;\">Le sous-titrage est un moyen efficace pour rendre accessible vos contenus vid\u00e9os un \u00e0 un public \u00e9tranger tout en gardant la langue d&#8217;origine.<\/span><\/p>\n<p><span style=\"color: #000000;\">Qu&#8217;il s&#8217;agisse de sous-titres de :<\/span><\/p>\n<ul>\n<li><span style=\"color: #ff6600;\"><strong>Vid\u00e9os institutionnels ou d&#8217;entreprises<\/strong><\/span><\/li>\n<li><span style=\"color: #ff6600;\"><strong>Documentaires, courts m\u00e9trages, cin\u00e9ma<\/strong><\/span><\/li>\n<li><span style=\"color: #ff6600;\"><strong>Vid\u00e9os de pr\u00e9sentation de produits ou services<\/strong><\/span><\/li>\n<li><span style=\"color: #ff6600;\"><strong>Vid\u00e9os publicitaires.<\/strong><\/span><\/li>\n<\/ul>\n<p><span style=\"color: #000000;\">Nos services se chargent de sous-titrer vos vid\u00e9os en respectant le timecode.<\/span><\/p>\n<p>[\/et_pb_tab][et_pb_tab title=&#8221;TRANSCRIPTION &#8221; _builder_version=&#8221;3.23.2&#8243;]<\/p>\n<p><span style=\"color: #000000;\">Afrilangues vous propose un service de transcription supports audio ou vid\u00e9o r\u00e9alis\u00e9s dans une langue africaine.<\/span><\/p>\n<p><span style=\"color: #000000;\">En fonction de votre besoin, nous vous proposons de transcrire votre support en recourant \u00e0 la:<\/span><\/p>\n<p><span style=\"color: #000000;\">\u00a0<\/span><\/p>\n<ul>\n<li><span style=\"color: #ff6600;\"><strong>Transcription mot \u00e0 mot (verbatim)<\/strong><\/span><\/li>\n<li><span style=\"color: #ff6600;\"><strong>Transcription reformul\u00e9e<\/strong><\/span><\/li>\n<li><span style=\"color: #ff6600;\"><strong>Transcription synth\u00e9tique<\/strong><\/span><\/li>\n<\/ul>\n<p><span style=\"color: #000000;\">\u00a0<\/span><\/p>\n<p><span style=\"color: #000000;\">Une fois la transcription, si besoin, le transcripteur peut assurer la traduction de ladite transcription.<\/span><\/p>\n<p>&nbsp;<\/p>\n<p>[\/et_pb_tab][et_pb_tab title=&#8221;VOIX-OFF&#8221; _builder_version=&#8221;3.23.2&#8243; body_font=&#8221;||||||||&#8221; body_font_size=&#8221;15px&#8221;]<\/p>\n<p><span style=\"color: #000000;\">Pour vos besoins de voix dans une langue africaines, Afrilangues vous propose :<\/span><\/p>\n<p><span style=\"color: #000000;\"><\/span><\/p>\n<p><span style=\"color: #000000;\"><\/span><\/p>\n<ul>\n<li><span style=\"color: #000000;\"><span style=\"text-decoration: underline; color: #ff6600;\"><strong>Voix off<\/strong><\/span> : voix que ne parle pas \u00e0 l&#8217;image.<\/span><span style=\"color: #000000;\"><\/span><\/li>\n<li><span style=\"color: #000000;\"><span style=\"text-decoration: underline; color: #ff6600;\"><strong>Voice over<\/strong><\/span> : traduction superpos\u00e9e \u00e0 la voix d&#8217;origine.<\/span><span style=\"color: #000000;\"><\/span><\/li>\n<li><span style=\"color: #000000;\"><span style=\"text-decoration: underline; color: #ff6600;\"><strong>Doublage<\/strong><\/span> :\u00a0 remplacer la voix originale par une voix dans une autre langue<\/span><\/li>\n<\/ul>\n<p>&nbsp;<\/p>\n<p>&nbsp;<\/p>\n<p>[\/et_pb_tab][\/et_pb_tabs][et_pb_code _builder_version=&#8221;3.23.2&#8243;]<\/p>\n<style><!-- [et_pb_line_break_holder] -->  ul.et_pb_tabs_controls:after {<!-- [et_pb_line_break_holder] -->    border-top: unset;<!-- [et_pb_line_break_holder] -->}<!-- [et_pb_line_break_holder] -->  ul.et_pb_tabs_controls {<!-- [et_pb_line_break_holder] -->    background-color: white;<!-- [et_pb_line_break_holder] -->    border-bottom: 1px solid #d6d6d6;  <!-- [et_pb_line_break_holder] -->}<!-- [et_pb_line_break_holder] -->  #et_pb_contact_form_0 {<!-- [et_pb_line_break_holder] -->    background: #eeeeee;<!-- [et_pb_line_break_holder] -->    padding: 30px;<!-- [et_pb_line_break_holder] -->    border: 1px solid #c5c5c5 !important;<!-- [et_pb_line_break_holder] -->    border-radius: 3px !important;<!-- [et_pb_line_break_holder] -->  }<!-- [et_pb_line_break_holder] -->  .et_pb_contact_field input {<!-- [et_pb_line_break_holder] -->    background: white !important;<!-- [et_pb_line_break_holder] -->    box-shadow: 0px 2px 3px 0px rgba(0,0,0,0.3);<!-- [et_pb_line_break_holder] -->  }<!-- [et_pb_line_break_holder] -->   .et_pb_contact_field textarea {<!-- [et_pb_line_break_holder] -->    background: white !important;<!-- [et_pb_line_break_holder] -->    box-shadow: 0px 2px 3px 0px rgba(0,0,0,0.3);<!-- [et_pb_line_break_holder] -->  }<!-- [et_pb_line_break_holder] -->  .et_pb_contact_captcha {<!-- [et_pb_line_break_holder] -->    background: white !important;<!-- [et_pb_line_break_holder] -->    box-shadow: 0px 2px 3px 0px rgba(0,0,0,0.3);<!-- [et_pb_line_break_holder] -->        padding-bottom: 3px !important;<!-- [et_pb_line_break_holder] -->    padding-top: 11px !important;<!-- [et_pb_line_break_holder] -->  }<!-- [et_pb_line_break_holder] -->  .et_pb_contact_submit {<!-- [et_pb_line_break_holder] -->    background: #2196F3;<!-- [et_pb_line_break_holder] -->    color: white;<!-- [et_pb_line_break_holder] -->    border: unset;<!-- [et_pb_line_break_holder] -->  }<!-- [et_pb_line_break_holder] -->  .et_pb_contact_submit:hover {<!-- [et_pb_line_break_holder] -->    background: #2196F3;<!-- [et_pb_line_break_holder] -->    color: white;<!-- [et_pb_line_break_holder] -->    border: unset;<!-- [et_pb_line_break_holder] -->}<!-- [et_pb_line_break_holder] --><\/style>\n<p>[\/et_pb_code][\/et_pb_column][\/et_pb_row][\/et_pb_section][et_pb_section fb_built=&#8221;1&#8243; _builder_version=&#8221;3.22.3&#8243; custom_padding=&#8221;0|0px|54px|0px|false|false&#8221;][et_pb_row _builder_version=&#8221;3.25&#8243; column_structure=&#8221;1_5,3_5,1_5&#8243;][et_pb_column type=&#8221;1_5&#8243; _builder_version=&#8221;3.25&#8243; custom_padding=&#8221;|||&#8221; custom_padding__hover=&#8221;|||&#8221;][\/et_pb_column][et_pb_column type=&#8221;3_5&#8243; _builder_version=&#8221;3.25&#8243; custom_padding=&#8221;|||&#8221; custom_padding__hover=&#8221;|||&#8221;][et_pb_text _builder_version=&#8221;3.23.2&#8243; header_font=&#8221;||||||||&#8221; header_line_height=&#8221;1.5em&#8221;]<\/p>\n<h1 style=\"text-align: center;\"><strong><span style=\"text-decoration: underline;\"><\/span><\/strong><\/h1>\n<h1 style=\"text-align: center;\"><strong><span style=\"text-decoration: underline;\"><\/span><\/strong><\/h1>\n<h1 style=\"text-align: center;\"><strong>Vous avez un projet en lien avec une langue africaine ?<\/strong><\/h1>\n<p style=\"text-align: center;\"><strong><span style=\"color: #ff6600;\">Ecrivez-nous\u00a0\u21d3<\/span><\/strong><\/p>\n<p>[\/et_pb_text][et_pb_contact_form email=&#8221;contact@afrilangues.fr&#8221; success_message=&#8221;Votre message a bien \u00e9t\u00e9 envoy\u00e9.&#8221; submit_button_text=&#8221;Envoyer&#8221; _builder_version=&#8221;3.21.4&#8243;][et_pb_contact_field field_id=&#8221;Name&#8221; field_title=&#8221;Votre nom&#8221; _builder_version=&#8221;3.21.4&#8243; border_radii=&#8221;on||||&#8221; button_text_size__hover_enabled=&#8221;off&#8221; button_one_text_size__hover_enabled=&#8221;off&#8221; button_two_text_size__hover_enabled=&#8221;off&#8221; button_text_color__hover_enabled=&#8221;off&#8221; button_one_text_color__hover_enabled=&#8221;off&#8221; button_two_text_color__hover_enabled=&#8221;off&#8221; button_border_width__hover_enabled=&#8221;off&#8221; button_one_border_width__hover_enabled=&#8221;off&#8221; button_two_border_width__hover_enabled=&#8221;off&#8221; button_border_color__hover_enabled=&#8221;off&#8221; button_one_border_color__hover_enabled=&#8221;off&#8221; button_two_border_color__hover_enabled=&#8221;off&#8221; button_border_radius__hover_enabled=&#8221;off&#8221; button_one_border_radius__hover_enabled=&#8221;off&#8221; button_two_border_radius__hover_enabled=&#8221;off&#8221; button_letter_spacing__hover_enabled=&#8221;off&#8221; button_one_letter_spacing__hover_enabled=&#8221;off&#8221; button_two_letter_spacing__hover_enabled=&#8221;off&#8221; button_bg_color__hover_enabled=&#8221;off&#8221; button_one_bg_color__hover_enabled=&#8221;off&#8221; button_two_bg_color__hover_enabled=&#8221;off&#8221;][\/et_pb_contact_field][et_pb_contact_field field_id=&#8221;Email&#8221; field_title=&#8221;Votre adresse e-mail&#8221; field_type=&#8221;email&#8221; _builder_version=&#8221;3.21.4&#8243; border_radii=&#8221;on||||&#8221; button_text_size__hover_enabled=&#8221;off&#8221; button_one_text_size__hover_enabled=&#8221;off&#8221; button_two_text_size__hover_enabled=&#8221;off&#8221; button_text_color__hover_enabled=&#8221;off&#8221; button_one_text_color__hover_enabled=&#8221;off&#8221; button_two_text_color__hover_enabled=&#8221;off&#8221; button_border_width__hover_enabled=&#8221;off&#8221; button_one_border_width__hover_enabled=&#8221;off&#8221; button_two_border_width__hover_enabled=&#8221;off&#8221; button_border_color__hover_enabled=&#8221;off&#8221; button_one_border_color__hover_enabled=&#8221;off&#8221; button_two_border_color__hover_enabled=&#8221;off&#8221; button_border_radius__hover_enabled=&#8221;off&#8221; button_one_border_radius__hover_enabled=&#8221;off&#8221; button_two_border_radius__hover_enabled=&#8221;off&#8221; button_letter_spacing__hover_enabled=&#8221;off&#8221; button_one_letter_spacing__hover_enabled=&#8221;off&#8221; button_two_letter_spacing__hover_enabled=&#8221;off&#8221; button_bg_color__hover_enabled=&#8221;off&#8221; button_one_bg_color__hover_enabled=&#8221;off&#8221; button_two_bg_color__hover_enabled=&#8221;off&#8221;][\/et_pb_contact_field][et_pb_contact_field field_id=&#8221;Objet&#8221; field_title=&#8221;Objet du message&#8221; fullwidth_field=&#8221;on&#8221; _builder_version=&#8221;3.21.4&#8243;][\/et_pb_contact_field][et_pb_contact_field field_id=&#8221;Message&#8221; field_title=&#8221;Message&#8221; field_type=&#8221;text&#8221; fullwidth_field=&#8221;on&#8221; _builder_version=&#8221;3.16&#8243; border_radii=&#8221;on||||&#8221; button_text_size__hover_enabled=&#8221;off&#8221; button_one_text_size__hover_enabled=&#8221;off&#8221; button_two_text_size__hover_enabled=&#8221;off&#8221; button_text_color__hover_enabled=&#8221;off&#8221; button_one_text_color__hover_enabled=&#8221;off&#8221; button_two_text_color__hover_enabled=&#8221;off&#8221; button_border_width__hover_enabled=&#8221;off&#8221; button_one_border_width__hover_enabled=&#8221;off&#8221; button_two_border_width__hover_enabled=&#8221;off&#8221; button_border_color__hover_enabled=&#8221;off&#8221; button_one_border_color__hover_enabled=&#8221;off&#8221; button_two_border_color__hover_enabled=&#8221;off&#8221; button_border_radius__hover_enabled=&#8221;off&#8221; button_one_border_radius__hover_enabled=&#8221;off&#8221; button_two_border_radius__hover_enabled=&#8221;off&#8221; button_letter_spacing__hover_enabled=&#8221;off&#8221; button_one_letter_spacing__hover_enabled=&#8221;off&#8221; button_two_letter_spacing__hover_enabled=&#8221;off&#8221; button_bg_color__hover_enabled=&#8221;off&#8221; button_one_bg_color__hover_enabled=&#8221;off&#8221; button_two_bg_color__hover_enabled=&#8221;off&#8221;][\/et_pb_contact_field][\/et_pb_contact_form][\/et_pb_column][et_pb_column type=&#8221;1_5&#8243; _builder_version=&#8221;3.25&#8243; custom_padding=&#8221;|||&#8221; custom_padding__hover=&#8221;|||&#8221;][\/et_pb_column][\/et_pb_row][\/et_pb_section]<\/p>\n","protected":false},"excerpt":{"rendered":"<p>Besoin d\u2019interpr\u00e8tes dans une langue africaine?\u00a0 Afrilangues vous propose un service d&#8217;interpr\u00e9tariat ou d&#8217;interpr\u00e9tation dans un maximum de langues africaines telles le bamanankan ou bambara, le sonink\u00e9 ou sarakol\u00e9, le peul, le wolof, le lingala, le swahili, l&#8217;amharique, le somali, le mina, le fon etc.\u00a0\u00a0 Votre prestation sera assur\u00e9e par des locuteurs natifs, garantissant ainsi [&hellip;]<\/p>\n","protected":false},"author":1,"featured_media":0,"parent":0,"menu_order":0,"comment_status":"closed","ping_status":"closed","template":"page-template-blank.php","meta":{"_et_pb_use_builder":"on","_et_pb_old_content":"<!-- wp:paragraph -->\r\n<p>Test<\/p>\r\n<!-- \/wp:paragraph -->","_et_gb_content_width":"","_mi_skip_tracking":false},"acf":[],"_links":{"self":[{"href":"https:\/\/afrilangues.com\/blog\/wp-json\/wp\/v2\/pages\/370"}],"collection":[{"href":"https:\/\/afrilangues.com\/blog\/wp-json\/wp\/v2\/pages"}],"about":[{"href":"https:\/\/afrilangues.com\/blog\/wp-json\/wp\/v2\/types\/page"}],"author":[{"embeddable":true,"href":"https:\/\/afrilangues.com\/blog\/wp-json\/wp\/v2\/users\/1"}],"replies":[{"embeddable":true,"href":"https:\/\/afrilangues.com\/blog\/wp-json\/wp\/v2\/comments?post=370"}],"version-history":[{"count":44,"href":"https:\/\/afrilangues.com\/blog\/wp-json\/wp\/v2\/pages\/370\/revisions"}],"predecessor-version":[{"id":30654,"href":"https:\/\/afrilangues.com\/blog\/wp-json\/wp\/v2\/pages\/370\/revisions\/30654"}],"wp:attachment":[{"href":"https:\/\/afrilangues.com\/blog\/wp-json\/wp\/v2\/media?parent=370"}],"curies":[{"name":"wp","href":"https:\/\/api.w.org\/{rel}","templated":true}]}}