{"id":30998,"date":"2021-08-04T13:25:41","date_gmt":"2021-08-04T13:25:41","guid":{"rendered":"https:\/\/afrilangues.com\/blog\/?page_id=30998"},"modified":"2021-08-06T17:09:48","modified_gmt":"2021-08-06T17:09:48","slug":"dire-bonjour-en-bambara","status":"publish","type":"page","link":"https:\/\/afrilangues.com\/blog\/langues\/bambara\/expressions-bambara\/dire-bonjour-en-bambara\/","title":{"rendered":"Cours de bambara &#8211; Dire bonjour en bambara 1"},"content":{"rendered":"<p>[et_pb_section fb_built=&#8221;1&#8243; _builder_version=&#8221;3.22&#8243;][et_pb_row _builder_version=&#8221;3.25&#8243; background_size=&#8221;initial&#8221; background_position=&#8221;top_left&#8221; background_repeat=&#8221;repeat&#8221;][et_pb_column type=&#8221;4_4&#8243; _builder_version=&#8221;3.25&#8243; custom_padding=&#8221;|||&#8221; custom_padding__hover=&#8221;|||&#8221;][et_pb_text _builder_version=&#8221;3.27.4&#8243; background_size=&#8221;initial&#8221; background_position=&#8221;top_left&#8221; background_repeat=&#8221;repeat&#8221;]<\/p>\n<h1>Expression #1 :<\/h1>\n<h1 style=\"text-align: center;\"><strong>Dire bonjour en bambara <\/strong><\/h1>\n<p style=\"text-align: left;\">Pour dire bonjour en bambara, c\u2019est tr\u00e8s simple.<\/p>\n<p style=\"text-align: left;\">Mais avant d\u2019entrer dans le vif du sujet, sachez que la journ\u00e9e se divise en 4 moments de salutation qui sont les suivantes :<\/p>\n<ol>\n<li><strong>S\u0254\u0300g\u0254mada fo\u0300li<\/strong> : la salutation du matin (5h-11h)<\/li>\n<li><strong>Ti\u0300legan fo\u0300li<\/strong> : la salutation de fin de matin\u00e9e et d\u00e9but d\u2019apr\u00e8s-midi (11h-16h)<\/li>\n<li><strong>Wu\u0301lada fo\u0300l<\/strong>i : la salutation de fin d\u2019apr\u00e8s-midi (16h \u2013 19h)<\/li>\n<li><strong>Su\u0301f\u025bla fo\u0300li<\/strong> : la salutation du soir, de la nuit (19h \u2013 5h)<\/li>\n<\/ol>\n<h2><strong>S\u0254\u0300g\u0254mada fo\u0300li<\/strong> : la salutation du matin en bambara<\/h2>\n<p>Pour dire bonjour en bambara, on prendre en compte le nombre de personne qu\u2019on salue et aussi la r\u00e9ponse \u00e0 donner selon qu\u2019on est un homme ou une femme.<\/p>\n<h2><strong>Dire bonjour en bambara \u00e0 une personne<\/strong> :<\/h2>\n<ul>\n<li><strong>I<\/strong><strong>\u0301 ni\u0301 s\u0254\u0300goma !<\/strong><\/li>\n<li>Bonjour ! (litt\u00e9ralement : Toi et le matin)<\/li>\n<\/ul>\n<p>Ou<\/p>\n<ul>\n<li><strong>A\u0301 ni\u0301 s\u0254\u0300g\u0254ma !<\/strong><\/li>\n<li>Bonjour ! (litt\u00e9ralement : Vous et le matin)<\/li>\n<\/ul>\n<h3><strong>R\u00e9ponse d\u2019un homme \u00a0\u00e0 une personne<\/strong> :<\/h3>\n<ul>\n<li><strong>N\u0300ba ! I\u0301 ni\u0301 s\u0254\u0300g\u0254ma !<\/strong><\/li>\n<li>Bonjour ! (litt\u00e9ralement : Toi et le matin)<\/li>\n<\/ul>\n<p>Ou<\/p>\n<ul>\n<li><strong>N\u0300ba ! A\u0301 ni\u0301 s\u0254\u0300g\u0254ma !<\/strong><\/li>\n<li>Bonjour ! (litt\u00e9ralement : Vous et le matin)<\/li>\n<\/ul>\n<h3><strong>R\u00e9ponse d\u2019une femme \u00e0 une personne<\/strong> :<\/h3>\n<ul>\n<li><strong>N\u0300se ! I\u0301 ni\u0301 s\u0254\u0300g\u0254ma !<\/strong><\/li>\n<li>Bonjour ! (litt\u00e9ralement : Toi et le matin)<\/li>\n<\/ul>\n<p>Ou<\/p>\n<ul>\n<li><strong>N\u0300se ! A\u0301 ni\u0301 s\u0254\u0300g\u0254ma !<\/strong><\/li>\n<li>Bonjour ! (litt\u00e9ralement : Vous et le matin)<\/li>\n<\/ul>\n<p><strong>Bon \u00e0 savoir<\/strong> : <em><strong>N\u0300ba<\/strong>\u2019<\/em> et\u2019 <strong>n\u0300se<\/strong>\u2019 n\u2019ont pas qu\u2019\u00e9quivalent en fran\u00e7ais. C\u2019est une mani\u00e8re d\u2019accepter la salutation qui nous a \u00e9t\u00e9 adress\u00e9e.<\/p>\n<h2><strong>Dire bonjour \u00e0 plusieurs personnes<\/strong> :<\/h2>\n<ul>\n<li><strong>A<\/strong><strong>\u0301 ni\u0301 s\u0254\u0300goma !<\/strong><\/li>\n<li>Bonjour ! (litt\u00e9ralement : vous et le matin)<\/li>\n<\/ul>\n<p>Ou<\/p>\n<ul>\n<li><strong>A\u0301w ni\u0301 s\u0254\u0300g\u0254ma !<\/strong><\/li>\n<li>Bonjour ! (litt\u00e9ralement : Vous et le matin)<\/li>\n<\/ul>\n<h3><strong>R\u00e9ponse d\u2019un homme \u00a0\u00e0 plusieurs personnes : <\/strong><\/h3>\n<ul>\n<li><strong>N\u0300ba ! A\u0301 ni\u0301 s\u0254\u0300g\u0254ma !<\/strong><\/li>\n<li>Bonjour ! (litt\u00e9ralement : Vous et le matin)<\/li>\n<\/ul>\n<p>Ou<\/p>\n<ul>\n<li><strong>N\u0300ba ! A\u0301w ni\u0301 s\u0254\u0300g\u0254ma !<\/strong><\/li>\n<li>Bonjour ! (litt\u00e9ralement : Vous et le matin)<\/li>\n<\/ul>\n<h3><strong>R\u00e9ponse d\u2019une femme \u00e0 plusieurs personnes<\/strong>\u00a0:<\/h3>\n<ul>\n<li><strong>N\u0300se ! A\u0301 ni\u0301 s\u0254\u0300g\u0254ma !<\/strong><\/li>\n<li>Bonjour ! (litt\u00e9ralement : Vous et le matin)<\/li>\n<\/ul>\n<p>Ou<\/p>\n<ul>\n<li><strong>N\u0300se ! A\u0301w ni\u0301 s\u0254\u0300g\u0254ma !<\/strong><\/li>\n<li>Bonjour ! (litt\u00e9ralement : Vous et le matin)<\/li>\n<\/ul>\n<p>Voici <a href=\"https:\/\/www.youtube.com\/watch?v=eXVTZ03GtqE&amp;ab_channel=AfrilanguesLar%C3%A9f%C3%A9renceenlanguesafricaines%21\" target=\"_blank\" rel=\"noopener\">une petite vid\u00e9o<\/a> avec les audio pour \u00e9couter, r\u00e9p\u00e9ter et pratiquer !<\/p>\n<p>Voil\u00e0 ! C\u2019est fini. Vous savez d\u00e9sormais dire bonjour en bambara \u00e0 une personne ou \u00e0 plusieurs personnes.<\/p>\n<p>Si vous voulez apprendre le bambara, cliquez <a href=\"https:\/\/www.afrilangues.com\/\">ici<\/a> pour d\u00e9marrer et d\u00e9couvrir d\u2019autres langues africaines telles que le wolof, le pulaar (peul), le lingala, le fongbe, le mina, le swahili etc.<\/p>\n<p>Si vous \u00eates int\u00e9ress\u00e9 par des <a href=\"https:\/\/www.afrilangues.com\/cours-de-langues-africaines\">cours de langues africaines par visio-conf\u00e9rence<\/a>, veuillez cliquer ici pour rejoindre nos classes virtuelles en petit groupe.<\/p>\n<p>[\/et_pb_text][et_pb_video src=&#8221;https:\/\/www.youtube.com\/watch?v=eXVTZ03GtqE&#038;ab_channel=AfrilanguesLar%C3%A9f%C3%A9renceenlanguesafricaines%21&#8243; _builder_version=&#8221;4.9.10&#8243; _module_preset=&#8221;default&#8221;][\/et_pb_video][\/et_pb_column][\/et_pb_row][\/et_pb_section]<\/p>\n","protected":false},"excerpt":{"rendered":"<p>Expression #1 : Dire bonjour en bambara Pour dire bonjour en bambara, c\u2019est tr\u00e8s simple. Mais avant d\u2019entrer dans le vif du sujet, sachez que la journ\u00e9e se divise en 4 moments de salutation qui sont les suivantes : S\u0254\u0300g\u0254mada fo\u0300li : la salutation du matin (5h-11h) Ti\u0300legan fo\u0300li : la salutation de fin de [&hellip;]<\/p>\n","protected":false},"author":2,"featured_media":31010,"parent":30995,"menu_order":0,"comment_status":"closed","ping_status":"closed","template":"","meta":{"_et_pb_use_builder":"on","_et_pb_old_content":"<h1>Expression #1 :<\/h1><h1 style=\"text-align: center;\"><strong>Dire bonjour en bambara <\/strong><\/h1><p style=\"text-align: left;\">Pour dire bonjour en bambara, c\u2019est tr\u00e8s simple.<\/p><p style=\"text-align: left;\">Mais avant d\u2019entrer dans le vif du sujet, sachez que la journ\u00e9e se divise en 4 moments de salutation qui sont les suivantes :<\/p><ol><li><strong>S\u0254\u0300g\u0254mada fo\u0300li<\/strong> : la salutation du matin (5h-11h)<\/li><li><strong>Ti\u0300legan fo\u0300li<\/strong> : la salutation de fin de matin\u00e9e et d\u00e9but d\u2019apr\u00e8s-midi (11h-16h)<\/li><li><strong>Wu\u0301lada fo\u0300l<\/strong>i : la salutation de fin d\u2019apr\u00e8s-midi (16h \u2013 19h)<\/li><li><strong>Su\u0301f\u025bla fo\u0300li<\/strong> : la salutation du soir, de la nuit (19h \u2013 5h)<\/li><\/ol><h2><strong>S\u0254\u0300g\u0254mada fo\u0300li<\/strong> : la salutation du matin en bambara<\/h2><p>Pour dire bonjour en bambara, on prendre en compte le nombre de personne qu\u2019on salue et aussi la r\u00e9ponse \u00e0 donner selon qu\u2019on est un homme ou une femme.<\/p><h2><strong>Dire bonjour en bambara \u00e0 une personne<\/strong> :<\/h2><ul><li><strong>I<\/strong><strong>\u0301 ni\u0301 s\u0254\u0300goma !<\/strong><\/li><li>Bonjour ! (litt\u00e9ralement : Toi et le matin)<\/li><\/ul><p>Ou<\/p><ul><li><strong>A\u0301 ni\u0301 s\u0254\u0300g\u0254ma !<\/strong><\/li><li>Bonjour ! (litt\u00e9ralement : Vous et le matin)<\/li><\/ul><h3><strong>R\u00e9ponse d\u2019un homme \u00a0\u00e0 une personne<\/strong> :<\/h3><ul><li><strong>N\u0300ba ! I\u0301 ni\u0301 s\u0254\u0300g\u0254ma !<\/strong><\/li><li>Bonjour ! (litt\u00e9ralement : Toi et le matin)<\/li><\/ul><p>Ou<\/p><ul><li><strong>N\u0300ba ! A\u0301 ni\u0301 s\u0254\u0300g\u0254ma !<\/strong><\/li><li>Bonjour ! (litt\u00e9ralement : Vous et le matin)<\/li><\/ul><h3><strong>R\u00e9ponse d\u2019une femme \u00e0 une personne<\/strong> :<\/h3><ul><li><strong>N\u0300se ! I\u0301 ni\u0301 s\u0254\u0300g\u0254ma !<\/strong><\/li><li>Bonjour ! (litt\u00e9ralement : Toi et le matin)<\/li><\/ul><p>Ou<\/p><ul><li><strong>N\u0300se ! A\u0301 ni\u0301 s\u0254\u0300g\u0254ma !<\/strong><\/li><li>Bonjour ! (litt\u00e9ralement : Vous et le matin)<\/li><\/ul><p><strong>Bon \u00e0 savoir<\/strong> : <em><strong>N\u0300ba<\/strong>\u2019<\/em> et\u2019 <strong>n\u0300se<\/strong>\u2019 n\u2019ont pas qu\u2019\u00e9quivalent en fran\u00e7ais. C\u2019est une mani\u00e8re d\u2019accepter la salutation qui nous a \u00e9t\u00e9 adress\u00e9e.<\/p><h2><strong>Dire bonjour \u00e0 plusieurs personnes<\/strong> :<\/h2><ul><li><strong>A<\/strong><strong>\u0301 ni\u0301 s\u0254\u0300goma !<\/strong><\/li><li>Bonjour ! (litt\u00e9ralement : vous et le matin)<\/li><\/ul><p>Ou<\/p><ul><li><strong>A\u0301w ni\u0301 s\u0254\u0300g\u0254ma !<\/strong><\/li><li>Bonjour ! (litt\u00e9ralement : Vous et le matin)<\/li><\/ul><h3><strong>R\u00e9ponse d\u2019un homme \u00a0\u00e0 plusieurs personnes : <\/strong><\/h3><ul><li><strong>N\u0300ba ! A\u0301 ni\u0301 s\u0254\u0300g\u0254ma !<\/strong><\/li><li>Bonjour ! (litt\u00e9ralement : Vous et le matin)<\/li><\/ul><p>Ou<\/p><ul><li><strong>N\u0300ba ! A\u0301w ni\u0301 s\u0254\u0300g\u0254ma !<\/strong><\/li><li>Bonjour ! (litt\u00e9ralement : Vous et le matin)<\/li><\/ul><h3><strong>R\u00e9ponse d\u2019une femme \u00e0 plusieurs personnes<\/strong>\u00a0:<\/h3><ul><li><strong>N\u0300se ! A\u0301 ni\u0301 s\u0254\u0300g\u0254ma !<\/strong><\/li><li>Bonjour ! (litt\u00e9ralement : Vous et le matin)<\/li><\/ul><p>Ou<\/p><ul><li><strong>N\u0300se ! A\u0301w ni\u0301 s\u0254\u0300g\u0254ma !<\/strong><\/li><li>Bonjour ! (litt\u00e9ralement : Vous et le matin)<\/li><\/ul><p>Voici <a href=\"https:\/\/www.youtube.com\/watch?v=eXVTZ03GtqE&ab_channel=AfrilanguesLar%C3%A9f%C3%A9renceenlanguesafricaines%21\">une petite vid\u00e9o<\/a> avec les audio pour \u00e9couter, r\u00e9p\u00e9ter et pratiquer !\u00a0<\/p><p>Voil\u00e0 ! C\u2019est fini. Vous savez d\u00e9sormais dire bonjour en bambara \u00e0 une personne ou \u00e0 plusieurs personnes.<\/p><p>Si vous voulez apprendre le bambara, cliquez <a href=\"https:\/\/www.afrilangues.com\/\">ici<\/a> pour d\u00e9marrer et d\u00e9couvrir d\u2019autres langues africaines telles que le wolof, le pulaar (peul), le lingala, le fongbe, le mina, le swahili etc.<\/p><p>Si vous \u00eates int\u00e9ress\u00e9 par des <a href=\"https:\/\/www.afrilangues.com\/cours-de-langues-africaines\">cours de langues africaines par visio-conf\u00e9rence<\/a>, veuillez cliquer ici pour rejoindre nos classes virtuelles en petit groupe.<\/p>","_et_gb_content_width":"","_mi_skip_tracking":false},"acf":[],"_links":{"self":[{"href":"https:\/\/afrilangues.com\/blog\/wp-json\/wp\/v2\/pages\/30998"}],"collection":[{"href":"https:\/\/afrilangues.com\/blog\/wp-json\/wp\/v2\/pages"}],"about":[{"href":"https:\/\/afrilangues.com\/blog\/wp-json\/wp\/v2\/types\/page"}],"author":[{"embeddable":true,"href":"https:\/\/afrilangues.com\/blog\/wp-json\/wp\/v2\/users\/2"}],"replies":[{"embeddable":true,"href":"https:\/\/afrilangues.com\/blog\/wp-json\/wp\/v2\/comments?post=30998"}],"version-history":[{"count":10,"href":"https:\/\/afrilangues.com\/blog\/wp-json\/wp\/v2\/pages\/30998\/revisions"}],"predecessor-version":[{"id":31021,"href":"https:\/\/afrilangues.com\/blog\/wp-json\/wp\/v2\/pages\/30998\/revisions\/31021"}],"up":[{"embeddable":true,"href":"https:\/\/afrilangues.com\/blog\/wp-json\/wp\/v2\/pages\/30995"}],"wp:featuredmedia":[{"embeddable":true,"href":"https:\/\/afrilangues.com\/blog\/wp-json\/wp\/v2\/media\/31010"}],"wp:attachment":[{"href":"https:\/\/afrilangues.com\/blog\/wp-json\/wp\/v2\/media?parent=30998"}],"curies":[{"name":"wp","href":"https:\/\/api.w.org\/{rel}","templated":true}]}}