{"id":30355,"date":"2019-05-11T10:27:19","date_gmt":"2019-05-11T10:27:19","guid":{"rendered":"https:\/\/afrilangues.com\/blog\/?page_id=30355"},"modified":"2019-05-28T18:12:04","modified_gmt":"2019-05-28T18:12:04","slug":"ils-parlent-de-nous","status":"publish","type":"page","link":"https:\/\/afrilangues.com\/blog\/ils-parlent-de-nous\/","title":{"rendered":"Ils parlent de nous"},"content":{"rendered":"<p>[et_pb_section fb_built=&#8221;1&#8243; _builder_version=&#8221;3.22.7&#8243; background_color=&#8221;#f1f1f1&#8243; custom_padding=&#8221;||0px|||&#8221;][et_pb_row custom_padding=&#8221;0px|||||&#8221; _builder_version=&#8221;3.22.7&#8243;][et_pb_column type=&#8221;4_4&#8243; _builder_version=&#8221;3.22.7&#8243;][et_pb_text _builder_version=&#8221;3.22.7&#8243; header_font=&#8221;|800|||||||&#8221; header_3_font=&#8221;|700||on|||||&#8221; header_3_text_align=&#8221;center&#8221; header_3_font_size=&#8221;30px&#8221; custom_margin=&#8221;||14px|||&#8221;]<\/p>\n<h3>Ils parlent de nous<\/h3>\n<p>[\/et_pb_text][et_pb_divider color=&#8221;#ef8017&#8243; divider_weight=&#8221;4px&#8221; _builder_version=&#8221;3.22.7&#8243; width=&#8221;36%&#8221; module_alignment=&#8221;center&#8221; custom_margin=&#8221;0px||&#8221; custom_padding=&#8221;0px||&#8221;][\/et_pb_divider][\/et_pb_column][\/et_pb_row][\/et_pb_section][et_pb_section fb_built=&#8221;1&#8243; _builder_version=&#8221;3.22.7&#8243; background_color=&#8221;#f1f1f1&#8243; custom_padding=&#8221;0px|||||&#8221;][et_pb_row use_custom_gutter=&#8221;on&#8221; gutter_width=&#8221;2&#8243; custom_padding=&#8221;0px|||||&#8221; _builder_version=&#8221;3.22.7&#8243;][et_pb_column type=&#8221;1_3&#8243; _builder_version=&#8221;3.22.7&#8243;][et_pb_blurb title=&#8221;Idrissa Kont\u00e9, Malien et chef d&#8217;entreprise en France&#8221; url=&#8221;http:\/\/www.rfi.fr\/emission\/20180803-afrilangues-idrissa-konte-malien-chef-entreprise-france&#8221; image=&#8221;https:\/\/afrilangues.com\/blog\/wp-content\/uploads\/2019\/05\/rfi.png&#8221; _builder_version=&#8221;3.23.2&#8243; header_font=&#8221;|700|||||||&#8221; header_text_color=&#8221;#29659d&#8221; header_font_size=&#8221;16px&#8221; header_line_height=&#8221;1.4em&#8221; body_font=&#8221;||||||||&#8221; body_font_size=&#8221;13px&#8221; body_line_height=&#8221;1.6em&#8221; background_color=&#8221;#ffffff&#8221; border_radii=&#8221;on|6px|6px|6px|6px&#8221; box_shadow_style=&#8221;preset1&#8243; box_shadow_vertical=&#8221;1px&#8221; box_shadow_blur=&#8221;4px&#8221; custom_padding=&#8221;15px|15px|15px|15px|true|true&#8221;]<\/p>\n<p>Idrissa Kont\u00e9 est un jeune Malien qui vit en France, travaille dans <a href=\"http:\/\/www.rfi.fr\/emission\/20180803-afrilangues-idrissa-konte-malien-chef-entreprise-france\" target=\"_blank\" rel=\"noopener noreferrer\">Read More<\/a><\/p>\n<p>[\/et_pb_blurb][\/et_pb_column][et_pb_column type=&#8221;1_3&#8243; _builder_version=&#8221;3.22.7&#8243;][et_pb_blurb title=&#8221;Idrissa Kont\u00e9 : Donner une autre dimension aux langues africaines&#8221; url=&#8221;https:\/\/www.lepoint.fr\/economie\/diaspora-idrissa-konte-donner-une-autre-dimension-aux-langues-africaines-14-07-2015-1944281_28.php&#8221; image=&#8221;https:\/\/afrilangues.com\/blog\/wp-content\/uploads\/2019\/05\/le-point-logo.jpg&#8221; _builder_version=&#8221;3.23.2&#8243; header_font=&#8221;|700|||||||&#8221; header_text_color=&#8221;#29659d&#8221; header_font_size=&#8221;16px&#8221; header_line_height=&#8221;1.4em&#8221; body_font=&#8221;||||||||&#8221; body_font_size=&#8221;13px&#8221; body_line_height=&#8221;1.6em&#8221; background_color=&#8221;#ffffff&#8221; border_radii=&#8221;on|6px|6px|6px|6px&#8221; box_shadow_style=&#8221;preset1&#8243; box_shadow_vertical=&#8221;1px&#8221; box_shadow_blur=&#8221;4px&#8221; custom_padding=&#8221;15px|15px|15px|15px|true|true&#8221;]<\/p>\n<p>PORTRAIT. Cet entrepreneur malien a cr\u00e9\u00e9 Afrilangues \u00e0 Paris, <a href=\"https:\/\/www.lepoint.fr\/economie\/diaspora-idrissa-konte-donner-une-autre-dimension-aux-langues-africaines-14-07-2015-1944281_28.php\" target=\"_blank\" rel=\"noopener noreferrer\">Read More<\/a><\/p>\n<p>[\/et_pb_blurb][\/et_pb_column][et_pb_column type=&#8221;1_3&#8243; _builder_version=&#8221;3.22.7&#8243;][et_pb_blurb title=&#8221;Danse Des Mots, PodcastApprendre les langues africaines \u00e0 Paris?&#8221; url=&#8221;http:\/\/www.rfi.fr\/emission\/20150209-apprendre-langues-africaines-paris&#8221; image=&#8221;https:\/\/afrilangues.com\/blog\/wp-content\/uploads\/2019\/05\/rfi.png&#8221; _builder_version=&#8221;3.23.2&#8243; header_font=&#8221;|700|||||||&#8221; header_text_color=&#8221;#29659d&#8221; header_font_size=&#8221;16px&#8221; header_line_height=&#8221;1.4em&#8221; body_font=&#8221;||||||||&#8221; body_font_size=&#8221;13px&#8221; body_line_height=&#8221;1.6em&#8221; background_color=&#8221;#ffffff&#8221; border_radii=&#8221;on|6px|6px|6px|6px&#8221; box_shadow_style=&#8221;preset1&#8243; box_shadow_vertical=&#8221;1px&#8221; box_shadow_blur=&#8221;4px&#8221; custom_padding=&#8221;15px|15px|15px|15px|true|true&#8221;]<\/p>\n<p><span>Apprendre les langues africaines \u00e0 Paris ? Les \u00e9coles ou les structure<\/span>, <a href=\"http:\/\/www.rfi.fr\/emission\/20150209-apprendre-langues-africaines-paris\" target=\"_blank\" rel=\"noopener noreferrer\">Read More<\/a><\/p>\n<p>[\/et_pb_blurb][\/et_pb_column][\/et_pb_row][et_pb_row use_custom_gutter=&#8221;on&#8221; gutter_width=&#8221;2&#8243; custom_padding=&#8221;0px|||||&#8221; _builder_version=&#8221;3.22.7&#8243;][et_pb_column type=&#8221;1_3&#8243; _builder_version=&#8221;3.22.7&#8243;][et_pb_blurb title=&#8221;Eco D&#8217;ici Eco D&#8217;ailleurs PodcastLe microcr\u00e9dit, de la philanthropie aux affaires&#8221; url=&#8221;http:\/\/www.rfi.fr\/emission\/20160514-microcredit-philanthropie-affaires-pauvrete-yunus-finances-pret&#8221; image=&#8221;https:\/\/afrilangues.com\/blog\/wp-content\/uploads\/2019\/05\/rfi.png&#8221; _builder_version=&#8221;3.23.2&#8243; header_font=&#8221;|700|||||||&#8221; header_text_color=&#8221;#29659d&#8221; header_font_size=&#8221;16px&#8221; header_line_height=&#8221;1.4em&#8221; body_font=&#8221;||||||||&#8221; body_font_size=&#8221;13px&#8221; body_line_height=&#8221;1.6em&#8221; background_color=&#8221;#ffffff&#8221; border_radii=&#8221;on|6px|6px|6px|6px&#8221; box_shadow_style=&#8221;preset1&#8243; box_shadow_vertical=&#8221;1px&#8221; box_shadow_blur=&#8221;4px&#8221; custom_padding=&#8221;15px|15px|15px|15px|true|true&#8221;]<\/p>\n<p>Depuis quarante ans, des esprits inventifs et g\u00e9n\u00e9reux se sont\u00a0\u00a0<a href=\"http:\/\/www.rfi.fr\/emission\/20160514-microcredit-philanthropie-affaires-pauvrete-yunus-finances-pret\" target=\"_blank\" rel=\"noopener noreferrer\">Read More<\/a><\/p>\n<p>[\/et_pb_blurb][\/et_pb_column][et_pb_column type=&#8221;1_3&#8243; _builder_version=&#8221;3.22.7&#8243;][et_pb_blurb title=&#8221;Afrilangues est la premi\u00e8re plateforme d\u00e9di\u00e9e \u00e0 l\u2019apprentissage des langues africaines en ligne&#8221; url=&#8221;https:\/\/agoraafricaine.info\/2017\/07\/04\/afrilangues-est-la-premiere-plateforme-dediee-a-lapprentissage-des-langues-africaines-en-ligne\/&#8221; image=&#8221;https:\/\/afrilangues.com\/blog\/wp-content\/uploads\/2019\/05\/ger44.jpg&#8221; _builder_version=&#8221;3.23.2&#8243; header_font=&#8221;|700|||||||&#8221; header_text_color=&#8221;#29659d&#8221; header_font_size=&#8221;16px&#8221; header_line_height=&#8221;1.4em&#8221; body_font=&#8221;||||||||&#8221; body_font_size=&#8221;13px&#8221; body_line_height=&#8221;1.6em&#8221; background_color=&#8221;#ffffff&#8221; border_radii=&#8221;on|6px|6px|6px|6px&#8221; box_shadow_style=&#8221;preset1&#8243; box_shadow_vertical=&#8221;1px&#8221; box_shadow_blur=&#8221;4px&#8221; custom_padding=&#8221;15px|15px|15px|15px|true|true&#8221;]<\/p>\n<p><span>La langue, comme culture, est le prisme \u00e0 travers lequel <\/span>\u00a0<a href=\"https:\/\/agoraafricaine.info\/2017\/07\/04\/afrilangues-est-la-premiere-plateforme-dediee-a-lapprentissage-des-langues-africaines-en-ligne\/\" target=\"_blank\" rel=\"noopener noreferrer\">Read More<\/a><\/p>\n<p>[\/et_pb_blurb][\/et_pb_column][et_pb_column type=&#8221;1_3&#8243; _builder_version=&#8221;3.22.7&#8243;][et_pb_blurb title=&#8221;Danse Des Mots, PodcastApprendre les langues africaines \u00e0 Paris?&#8221; url=&#8221;https:\/\/www.afrocadre.com\/outils-informatiques\/apprenez-langues-africaines-afrilangues\/&#8221; image=&#8221;https:\/\/afrilangues.com\/blog\/wp-content\/uploads\/2019\/05\/altocaro_ch.jpg&#8221; _builder_version=&#8221;3.23.2&#8243; header_font=&#8221;|700|||||||&#8221; header_text_color=&#8221;#29659d&#8221; header_font_size=&#8221;16px&#8221; header_line_height=&#8221;1.4em&#8221; body_font=&#8221;||||||||&#8221; body_font_size=&#8221;13px&#8221; body_line_height=&#8221;1.6em&#8221; background_color=&#8221;#ffffff&#8221; border_radii=&#8221;on|6px|6px|6px|6px&#8221; box_shadow_style=&#8221;preset1&#8243; box_shadow_vertical=&#8221;1px&#8221; box_shadow_blur=&#8221;4px&#8221; height=&#8221;370px&#8221; custom_padding=&#8221;15px|15px|15px|15px|true|true&#8221;]<\/p>\n<p><span>Apprendre les langues africaines \u00e0 Paris ? Les \u00e9coles ou les structure<\/span>, <a href=\"https:\/\/www.afrocadre.com\/outils-informatiques\/apprenez-langues-africaines-afrilangues\/\" target=\"_blank\" rel=\"noopener noreferrer\">Read More<\/a><\/p>\n<p>[\/et_pb_blurb][\/et_pb_column][\/et_pb_row][et_pb_row use_custom_gutter=&#8221;on&#8221; gutter_width=&#8221;2&#8243; custom_padding=&#8221;0px|||||&#8221; _builder_version=&#8221;3.22.7&#8243;][et_pb_column type=&#8221;1_3&#8243; _builder_version=&#8221;3.22.7&#8243;][et_pb_blurb title=&#8221;Afrilangues, ou l\u2019art d\u2019apprendre des langues africaines en france !&#8221; url=&#8221;http:\/\/www.wanacorp.fr\/afrilangues-africaines\/&#8221; image=&#8221;https:\/\/afrilangues.com\/blog\/wp-content\/uploads\/2019\/05\/wtcup.jpg&#8221; _builder_version=&#8221;3.23.2&#8243; header_font=&#8221;|700|||||||&#8221; header_text_color=&#8221;#29659d&#8221; header_font_size=&#8221;16px&#8221; header_line_height=&#8221;1.4em&#8221; body_font=&#8221;||||||||&#8221; body_font_size=&#8221;13px&#8221; body_line_height=&#8221;1.6em&#8221; background_color=&#8221;#ffffff&#8221; border_radii=&#8221;on|6px|6px|6px|6px&#8221; box_shadow_style=&#8221;preset1&#8243; box_shadow_vertical=&#8221;1px&#8221; box_shadow_blur=&#8221;4px&#8221; custom_padding=&#8221;15px|15px|15px|15px|true|true&#8221;]<\/p>\n<p>Idrissa Kont\u00e9, le fondateur d\u2019Afrilangues, a effectu\u00e9 une Licence\u00a0\u00a0<a href=\"http:\/\/www.wanacorp.fr\/afrilangues-africaines\/\" target=\"_blank\" rel=\"noopener noreferrer\">Read More<\/a><\/p>\n<p>[\/et_pb_blurb][\/et_pb_column][et_pb_column type=&#8221;1_3&#8243; _builder_version=&#8221;3.22.7&#8243;][\/et_pb_column][et_pb_column type=&#8221;1_3&#8243; _builder_version=&#8221;3.22.7&#8243;][\/et_pb_column][\/et_pb_row][\/et_pb_section]<\/p>\n","protected":false},"excerpt":{"rendered":"<p>Ils parlent de nousIdrissa Kont\u00e9 est un jeune Malien qui vit en France, travaille dans Read MorePORTRAIT. Cet entrepreneur malien a cr\u00e9\u00e9 Afrilangues \u00e0 Paris, Read MoreApprendre les langues africaines \u00e0 Paris ? Les \u00e9coles ou les structure, Read MoreDepuis quarante ans, des esprits inventifs et g\u00e9n\u00e9reux se sont\u00a0\u00a0Read MoreLa langue, comme culture, est le [&hellip;]<\/p>\n","protected":false},"author":1,"featured_media":0,"parent":0,"menu_order":0,"comment_status":"closed","ping_status":"closed","template":"page-template-blank.php","meta":{"_et_pb_use_builder":"on","_et_pb_old_content":"<!-- wp:divi\/placeholder \/-->","_et_gb_content_width":"","_mi_skip_tracking":false},"acf":[],"_links":{"self":[{"href":"https:\/\/afrilangues.com\/blog\/wp-json\/wp\/v2\/pages\/30355"}],"collection":[{"href":"https:\/\/afrilangues.com\/blog\/wp-json\/wp\/v2\/pages"}],"about":[{"href":"https:\/\/afrilangues.com\/blog\/wp-json\/wp\/v2\/types\/page"}],"author":[{"embeddable":true,"href":"https:\/\/afrilangues.com\/blog\/wp-json\/wp\/v2\/users\/1"}],"replies":[{"embeddable":true,"href":"https:\/\/afrilangues.com\/blog\/wp-json\/wp\/v2\/comments?post=30355"}],"version-history":[{"count":13,"href":"https:\/\/afrilangues.com\/blog\/wp-json\/wp\/v2\/pages\/30355\/revisions"}],"predecessor-version":[{"id":30504,"href":"https:\/\/afrilangues.com\/blog\/wp-json\/wp\/v2\/pages\/30355\/revisions\/30504"}],"wp:attachment":[{"href":"https:\/\/afrilangues.com\/blog\/wp-json\/wp\/v2\/media?parent=30355"}],"curies":[{"name":"wp","href":"https:\/\/api.w.org\/{rel}","templated":true}]}}